{"id":248,"date":"2020-01-28T14:06:02","date_gmt":"2020-01-28T14:06:02","guid":{"rendered":"https:\/\/stal.qodeinteractive.com\/?page_id=248"},"modified":"2025-02-11T15:13:36","modified_gmt":"2025-02-11T15:13:36","slug":"home","status":"publish","type":"page","link":"https:\/\/epaper.hirsch-porozell.at\/","title":{"rendered":"Home"},"content":{"rendered":"\t\t<div data-elementor-type=\"wp-page\" data-elementor-id=\"248\" class=\"elementor elementor-248\">\n\t\t\t\t\t\t<div class=\"elementor-inner\">\n\t\t\t\t<div class=\"elementor-section-wrap\">\n\t\t\t\t\t\t\t\t\t<section class=\"elementor-section elementor-top-section elementor-element elementor-element-e542973 elementor-section-full_width elementor-section-height-default elementor-section-height-default qodef-elementor-content-no\" data-id=\"e542973\" data-element_type=\"section\">\n\t\t\t\t\t\t<div class=\"elementor-container elementor-column-gap-default\">\n\t\t\t\t\t\t\t<div class=\"elementor-row\">\n\t\t\t\t\t<div class=\"elementor-column elementor-col-100 elementor-top-column elementor-element elementor-element-0a4b23f\" data-id=\"0a4b23f\" data-element_type=\"column\">\n\t\t\t<div class=\"elementor-column-wrap elementor-element-populated\">\n\t\t\t\t\t\t\t<div class=\"elementor-widget-wrap\">\n\t\t\t\t\t\t<div class=\"elementor-element elementor-element-485c428 elementor-widget__width-inherit elementor-widget elementor-widget-stal_core_interactive_banners\" data-id=\"485c428\" data-element_type=\"widget\" data-widget_type=\"stal_core_interactive_banners.default\">\n\t\t\t\t<div class=\"elementor-widget-container\">\n\t\t\t\n<div class=\"qodef-interactive-banners qodef-shortcode qodef-m   qodef-interactive-banners-five\">\n    <div class=\"qodef-ib-images-holder\">\n                    <div class=\"qodef-ib-image-holder qodef-active\" style=\"background-image: url(https:\/\/epaper.hirsch-porozell.at\/wp-content\/uploads\/2022\/06\/MicrosoftTeams-image-56-1.jpg)\" data-index=\"0\">\n\n            <\/div>\n                                            <div class=\"qodef-ib-image-holder \" style=\"background-image: url(https:\/\/epaper.hirsch-porozell.at\/wp-content\/uploads\/2022\/10\/MicrosoftTeams-image-2.jpg)\" data-index=\"1\">\n\n            <\/div>\n                                            <div class=\"qodef-ib-image-holder \" style=\"background-image: url(https:\/\/epaper.hirsch-porozell.at\/wp-content\/uploads\/2022\/06\/MicrosoftTeams-image-58.jpg)\" data-index=\"2\">\n\n            <\/div>\n                                            <div class=\"qodef-ib-image-holder \" style=\"background-image: url(https:\/\/epaper.hirsch-porozell.at\/wp-content\/uploads\/2025\/02\/Nachhaltigkeit-bigger-no-text.jpg)\" data-index=\"3\">\n\n            <\/div>\n                                            <div class=\"qodef-ib-image-holder \" style=\"background-image: url(https:\/\/epaper.hirsch-porozell.at\/wp-content\/uploads\/2022\/04\/MicrosoftTeams-image-5.jpg)\" data-index=\"4\">\n\n            <\/div>\n                            <\/div>\n    <div class=\"qodef-ib-content-holder\">\n                    <div class=\"qodef-ib-item qodef-active\" data-index=\"0\">\n                <div class=\"qodef-ib-image-holder-responsive\" style=\"background-image: url(https:\/\/epaper.hirsch-porozell.at\/wp-content\/uploads\/2022\/06\/MicrosoftTeams-image-56-1.jpg)\">\n\n                <\/div>\n\t            <span class=\"qodef-ib-item-tag\">HIRSCH Servo Gruppe<\/span>\n                <div class=\"qodef-ib-item-inner\">\n\t                \t                <div class=\"qodef-ib-item-small-image\">\n\t                    <img width=\"150\" height=\"150\" src=\"https:\/\/epaper.hirsch-porozell.at\/wp-content\/uploads\/2020\/11\/TZ-Icon_HIRSCH.png\" class=\"attachment-full size-full\" alt=\"\" loading=\"lazy\" srcset=\"https:\/\/epaper.hirsch-porozell.at\/wp-content\/uploads\/2020\/11\/TZ-Icon_HIRSCH.png 150w, https:\/\/epaper.hirsch-porozell.at\/wp-content\/uploads\/2020\/11\/TZ-Icon_HIRSCH-82x82.png 82w, https:\/\/epaper.hirsch-porozell.at\/wp-content\/uploads\/2020\/11\/TZ-Icon_HIRSCH-100x100.png 100w\" sizes=\"(max-width: 150px) 100vw, 150px\" \/>\t                <\/div>\n\t                                    <div class=\"qodef-ib-item-title\">\n                        <h3> HIRSCH Servo Gruppe <\/h3>\n                    <\/div>\n\t                <div class=\"qodef-ib-item-subtitle\">\n\t\t                <p>  <\/p>\n\t                <\/div>\n                                            <div class=\"qodef-ib-item-btn-holder\">\n                                <a class=\"qodef-shortcode qodef-m  qodef-button qodef-layout--textual qodef-size--small qodef-html--link\" href=\"https:\/\/epaper.hirsch-porozell.at\/index.php\/hirsch-servo\/\" target=\"_self\"  >\t<span class=\"qodef-m-text\">        Mehr erfahren        <svg class=\"qodef-m-arrowline\" xmlns=\"http:\/\/www.w3.org\/2000\/svg\" xmlns:xlink=\"http:\/\/www.w3.org\/1999\/xlink\" x=\"0px\" y=\"0px\" viewBox=\"0 0 63 20\" xml:space=\"preserve\">                            <line x1=\"61.6\" y1=\"10\" x2=\"61.6\" y2=\"10\"\/>                            <line x1=\"62\" y1=\"10\" x2=\"61.6\" y2=\"10\"\/>                            <line x1=\"61.6\" y1=\"10\" x2=\"1\" y2=\"10\"\/>                            <path d=\"M61.6,10\"\/>                            <line x1=\"61.6\" y1=\"10\" x2=\"61.6\" y2=\"10\"\/>                            <line class=\"arrow-up\" x1=\"56.7\" y1=\"5.1\" x2=\"61.6\" y2=\"10\"\/>                            <path d=\"M61.6,10\"\/>                            <line x1=\"61.6\" y1=\"10\" x2=\"61.6\" y2=\"10\"\/>                            <line class=\"arrow-down\" x1=\"61.6\" y1=\"10\" x2=\"56.7\" y2=\"14.9\"\/>                        <\/svg>    <\/span><\/a>                        <\/div>\n                                    <\/div>\n            <\/div>\n                                            <div class=\"qodef-ib-item \" data-index=\"1\">\n                <div class=\"qodef-ib-image-holder-responsive\" style=\"background-image: url(https:\/\/epaper.hirsch-porozell.at\/wp-content\/uploads\/2022\/10\/MicrosoftTeams-image-2.jpg)\">\n\n                <\/div>\n\t            <span class=\"qodef-ib-item-tag\">HIRSCH Porozell<\/span>\n                <div class=\"qodef-ib-item-inner\">\n\t                \t                <div class=\"qodef-ib-item-small-image\">\n\t                    <img width=\"150\" height=\"150\" src=\"https:\/\/epaper.hirsch-porozell.at\/wp-content\/uploads\/2023\/01\/Icons_No1BestFirst-e1675064826795.png\" class=\"attachment-full size-full\" alt=\"\" loading=\"lazy\" \/>\t                <\/div>\n\t                                    <div class=\"qodef-ib-item-title\">\n                        <h3> HIRSCH Porozell <\/h3>\n                    <\/div>\n\t                <div class=\"qodef-ib-item-subtitle\">\n\t\t                <p>  <\/p>\n\t                <\/div>\n                                            <div class=\"qodef-ib-item-btn-holder\">\n                                <a class=\"qodef-shortcode qodef-m  qodef-button qodef-layout--textual qodef-size--small qodef-html--link\" href=\"https:\/\/epaper.hirsch-porozell.at\/index.php\/porozell\/\" target=\"_self\"  >\t<span class=\"qodef-m-text\">        Mehr erfahren        <svg class=\"qodef-m-arrowline\" xmlns=\"http:\/\/www.w3.org\/2000\/svg\" xmlns:xlink=\"http:\/\/www.w3.org\/1999\/xlink\" x=\"0px\" y=\"0px\" viewBox=\"0 0 63 20\" xml:space=\"preserve\">                            <line x1=\"61.6\" y1=\"10\" x2=\"61.6\" y2=\"10\"\/>                            <line x1=\"62\" y1=\"10\" x2=\"61.6\" y2=\"10\"\/>                            <line x1=\"61.6\" y1=\"10\" x2=\"1\" y2=\"10\"\/>                            <path d=\"M61.6,10\"\/>                            <line x1=\"61.6\" y1=\"10\" x2=\"61.6\" y2=\"10\"\/>                            <line class=\"arrow-up\" x1=\"56.7\" y1=\"5.1\" x2=\"61.6\" y2=\"10\"\/>                            <path d=\"M61.6,10\"\/>                            <line x1=\"61.6\" y1=\"10\" x2=\"61.6\" y2=\"10\"\/>                            <line class=\"arrow-down\" x1=\"61.6\" y1=\"10\" x2=\"56.7\" y2=\"14.9\"\/>                        <\/svg>    <\/span><\/a>                        <\/div>\n                                    <\/div>\n            <\/div>\n                                            <div class=\"qodef-ib-item \" data-index=\"2\">\n                <div class=\"qodef-ib-image-holder-responsive\" style=\"background-image: url(https:\/\/epaper.hirsch-porozell.at\/wp-content\/uploads\/2022\/06\/MicrosoftTeams-image-58.jpg)\">\n\n                <\/div>\n\t            <span class=\"qodef-ib-item-tag\">L\u00f6sungen<\/span>\n                <div class=\"qodef-ib-item-inner\">\n\t                \t                <div class=\"qodef-ib-item-small-image\">\n\t                    <img width=\"150\" height=\"150\" src=\"https:\/\/epaper.hirsch-porozell.at\/wp-content\/uploads\/2022\/07\/MicrosoftTeams-image-63.png\" class=\"attachment-full size-full\" alt=\"\" loading=\"lazy\" srcset=\"https:\/\/epaper.hirsch-porozell.at\/wp-content\/uploads\/2022\/07\/MicrosoftTeams-image-63.png 150w, https:\/\/epaper.hirsch-porozell.at\/wp-content\/uploads\/2022\/07\/MicrosoftTeams-image-63-82x82.png 82w\" sizes=\"(max-width: 150px) 100vw, 150px\" \/>\t                <\/div>\n\t                                    <div class=\"qodef-ib-item-title\">\n                        <h3> Unsere L\u00f6sungen <\/h3>\n                    <\/div>\n\t                <div class=\"qodef-ib-item-subtitle\">\n\t\t                <p>  <\/p>\n\t                <\/div>\n                                            <div class=\"qodef-ib-item-btn-holder\">\n                                <a class=\"qodef-shortcode qodef-m  qodef-button qodef-layout--textual qodef-size--small qodef-html--link\" href=\"https:\/\/epaper.hirsch-porozell.at\/index.php\/unsere-loesungen\/\" target=\"_self\"  >\t<span class=\"qodef-m-text\">        Mehr erfahren        <svg class=\"qodef-m-arrowline\" xmlns=\"http:\/\/www.w3.org\/2000\/svg\" xmlns:xlink=\"http:\/\/www.w3.org\/1999\/xlink\" x=\"0px\" y=\"0px\" viewBox=\"0 0 63 20\" xml:space=\"preserve\">                            <line x1=\"61.6\" y1=\"10\" x2=\"61.6\" y2=\"10\"\/>                            <line x1=\"62\" y1=\"10\" x2=\"61.6\" y2=\"10\"\/>                            <line x1=\"61.6\" y1=\"10\" x2=\"1\" y2=\"10\"\/>                            <path d=\"M61.6,10\"\/>                            <line x1=\"61.6\" y1=\"10\" x2=\"61.6\" y2=\"10\"\/>                            <line class=\"arrow-up\" x1=\"56.7\" y1=\"5.1\" x2=\"61.6\" y2=\"10\"\/>                            <path d=\"M61.6,10\"\/>                            <line x1=\"61.6\" y1=\"10\" x2=\"61.6\" y2=\"10\"\/>                            <line class=\"arrow-down\" x1=\"61.6\" y1=\"10\" x2=\"56.7\" y2=\"14.9\"\/>                        <\/svg>    <\/span><\/a>                        <\/div>\n                                    <\/div>\n            <\/div>\n                                            <div class=\"qodef-ib-item \" data-index=\"3\">\n                <div class=\"qodef-ib-image-holder-responsive\" style=\"background-image: url(https:\/\/epaper.hirsch-porozell.at\/wp-content\/uploads\/2025\/02\/Nachhaltigkeit-bigger-no-text.jpg)\">\n\n                <\/div>\n\t            <span class=\"qodef-ib-item-tag\">Sanierung<\/span>\n                <div class=\"qodef-ib-item-inner\">\n\t                \t                <div class=\"qodef-ib-item-small-image\">\n\t                    <img width=\"150\" height=\"150\" src=\"https:\/\/epaper.hirsch-porozell.at\/wp-content\/uploads\/2023\/02\/MicrosoftTeams-image-80.png\" class=\"attachment-full size-full\" alt=\"\" loading=\"lazy\" srcset=\"https:\/\/epaper.hirsch-porozell.at\/wp-content\/uploads\/2023\/02\/MicrosoftTeams-image-80.png 150w, https:\/\/epaper.hirsch-porozell.at\/wp-content\/uploads\/2023\/02\/MicrosoftTeams-image-80-82x82.png 82w\" sizes=\"(max-width: 150px) 100vw, 150px\" \/>\t                <\/div>\n\t                                    <div class=\"qodef-ib-item-title\">\n                        <h3> Thermische Sanierung <\/h3>\n                    <\/div>\n\t                <div class=\"qodef-ib-item-subtitle\">\n\t\t                <p>  <\/p>\n\t                <\/div>\n                                            <div class=\"qodef-ib-item-btn-holder\">\n                                <a class=\"qodef-shortcode qodef-m  qodef-button qodef-layout--textual qodef-size--small qodef-html--link\" href=\"https:\/\/epaper.hirsch-porozell.at\/index.php\/thermische-sanierung\/\" target=\"_self\"  >\t<span class=\"qodef-m-text\">        Mehr erfahren        <svg class=\"qodef-m-arrowline\" xmlns=\"http:\/\/www.w3.org\/2000\/svg\" xmlns:xlink=\"http:\/\/www.w3.org\/1999\/xlink\" x=\"0px\" y=\"0px\" viewBox=\"0 0 63 20\" xml:space=\"preserve\">                            <line x1=\"61.6\" y1=\"10\" x2=\"61.6\" y2=\"10\"\/>                            <line x1=\"62\" y1=\"10\" x2=\"61.6\" y2=\"10\"\/>                            <line x1=\"61.6\" y1=\"10\" x2=\"1\" y2=\"10\"\/>                            <path d=\"M61.6,10\"\/>                            <line x1=\"61.6\" y1=\"10\" x2=\"61.6\" y2=\"10\"\/>                            <line class=\"arrow-up\" x1=\"56.7\" y1=\"5.1\" x2=\"61.6\" y2=\"10\"\/>                            <path d=\"M61.6,10\"\/>                            <line x1=\"61.6\" y1=\"10\" x2=\"61.6\" y2=\"10\"\/>                            <line class=\"arrow-down\" x1=\"61.6\" y1=\"10\" x2=\"56.7\" y2=\"14.9\"\/>                        <\/svg>    <\/span><\/a>                        <\/div>\n                                    <\/div>\n            <\/div>\n                                            <div class=\"qodef-ib-item \" data-index=\"4\">\n                <div class=\"qodef-ib-image-holder-responsive\" style=\"background-image: url(https:\/\/epaper.hirsch-porozell.at\/wp-content\/uploads\/2022\/04\/MicrosoftTeams-image-5.jpg)\">\n\n                <\/div>\n\t            <span class=\"qodef-ib-item-tag\">D\u00e4mmstoff-Recycling<\/span>\n                <div class=\"qodef-ib-item-inner\">\n\t                \t                <div class=\"qodef-ib-item-small-image\">\n\t                    <img width=\"150\" height=\"150\" src=\"https:\/\/epaper.hirsch-porozell.at\/wp-content\/uploads\/2022\/09\/Icon_ReUSE-150x150-1.png\" class=\"attachment-full size-full\" alt=\"\" loading=\"lazy\" srcset=\"https:\/\/epaper.hirsch-porozell.at\/wp-content\/uploads\/2022\/09\/Icon_ReUSE-150x150-1.png 150w, https:\/\/epaper.hirsch-porozell.at\/wp-content\/uploads\/2022\/09\/Icon_ReUSE-150x150-1-82x82.png 82w\" sizes=\"(max-width: 150px) 100vw, 150px\" \/>\t                <\/div>\n\t                                    <div class=\"qodef-ib-item-title\">\n                        <h3> D\u00e4mmstoff-Recycling <\/h3>\n                    <\/div>\n\t                <div class=\"qodef-ib-item-subtitle\">\n\t\t                <p>  <\/p>\n\t                <\/div>\n                                            <div class=\"qodef-ib-item-btn-holder\">\n                                <a class=\"qodef-shortcode qodef-m  qodef-button qodef-layout--textual qodef-size--small qodef-html--link\" href=\"https:\/\/epaper.hirsch-porozell.at\/index.php\/recycling\/\" target=\"_self\"  >\t<span class=\"qodef-m-text\">        Mehr erfahren        <svg class=\"qodef-m-arrowline\" xmlns=\"http:\/\/www.w3.org\/2000\/svg\" xmlns:xlink=\"http:\/\/www.w3.org\/1999\/xlink\" x=\"0px\" y=\"0px\" viewBox=\"0 0 63 20\" xml:space=\"preserve\">                            <line x1=\"61.6\" y1=\"10\" x2=\"61.6\" y2=\"10\"\/>                            <line x1=\"62\" y1=\"10\" x2=\"61.6\" y2=\"10\"\/>                            <line x1=\"61.6\" y1=\"10\" x2=\"1\" y2=\"10\"\/>                            <path d=\"M61.6,10\"\/>                            <line x1=\"61.6\" y1=\"10\" x2=\"61.6\" y2=\"10\"\/>                            <line class=\"arrow-up\" x1=\"56.7\" y1=\"5.1\" x2=\"61.6\" y2=\"10\"\/>                            <path d=\"M61.6,10\"\/>                            <line x1=\"61.6\" y1=\"10\" x2=\"61.6\" y2=\"10\"\/>                            <line class=\"arrow-down\" x1=\"61.6\" y1=\"10\" x2=\"56.7\" y2=\"14.9\"\/>                        <\/svg>    <\/span><\/a>                        <\/div>\n                                    <\/div>\n            <\/div>\n                            <\/div>\n    <div class=\"qodef-ib-grid\">\n                    <div class=\"qodef-ib-grid-line\">\n                <div class=\"qodef-ib-grid-vertical-line\"><\/div>\n            <\/div>\n                    <div class=\"qodef-ib-grid-line\">\n                <div class=\"qodef-ib-grid-vertical-line\"><\/div>\n            <\/div>\n                    <div class=\"qodef-ib-grid-line\">\n                <div class=\"qodef-ib-grid-vertical-line\"><\/div>\n            <\/div>\n                    <div class=\"qodef-ib-grid-line\">\n                <div class=\"qodef-ib-grid-vertical-line\"><\/div>\n            <\/div>\n                    <div class=\"qodef-ib-grid-line\">\n                <div class=\"qodef-ib-grid-vertical-line\"><\/div>\n            <\/div>\n            <\/div>\n<\/div>\t\t<\/div>\n\t\t\t\t<\/div>\n\t\t\t\t\t\t<\/div>\n\t\t\t\t\t<\/div>\n\t\t<\/div>\n\t\t\t\t\t\t\t\t<\/div>\n\t\t\t\t\t<\/div>\n\t\t<\/section>\n\t\t\t\t<section class=\"elementor-section elementor-top-section elementor-element elementor-element-224ab56 elementor-section-boxed elementor-section-height-default elementor-section-height-default qodef-elementor-content-no\" data-id=\"224ab56\" data-element_type=\"section\">\n\t\t\t\t\t\t<div class=\"elementor-container elementor-column-gap-default\">\n\t\t\t\t\t\t\t<div class=\"elementor-row\">\n\t\t\t\t\t<div class=\"elementor-column elementor-col-100 elementor-top-column elementor-element elementor-element-d67422b\" data-id=\"d67422b\" data-element_type=\"column\">\n\t\t\t<div class=\"elementor-column-wrap elementor-element-populated\">\n\t\t\t\t\t\t\t<div class=\"elementor-widget-wrap\">\n\t\t\t\t\t\t<div class=\"elementor-element elementor-element-7211f30 elementor-widget elementor-widget-spacer\" data-id=\"7211f30\" data-element_type=\"widget\" data-widget_type=\"spacer.default\">\n\t\t\t\t<div class=\"elementor-widget-container\">\n\t\t\t\t\t<div class=\"elementor-spacer\">\n\t\t\t<div class=\"elementor-spacer-inner\"><\/div>\n\t\t<\/div>\n\t\t\t\t<\/div>\n\t\t\t\t<\/div>\n\t\t\t\t\t\t<\/div>\n\t\t\t\t\t<\/div>\n\t\t<\/div>\n\t\t\t\t\t\t\t\t<\/div>\n\t\t\t\t\t<\/div>\n\t\t<\/section>\n\t\t\t\t\t\t\t\t\t<\/div>\n\t\t\t<\/div>\n\t\t\t\t\t<\/div>\n\t\t","protected":false},"excerpt":{"rendered":"<p>HIRSCH Servo Gruppe HIRSCH Servo Gruppe Mehr erfahren HIRSCH Porozell HIRSCH Porozell Mehr erfahren L\u00f6sungen Unsere L\u00f6sungen Mehr erfahren Sanierung Thermische Sanierung Mehr erfahren D\u00e4mmstoff-Recycling D\u00e4mmstoff-Recycling Mehr erfahren<\/p>\n","protected":false},"author":1,"featured_media":0,"parent":0,"menu_order":0,"comment_status":"closed","ping_status":"closed","template":"page-full-width.php","meta":[],"_links":{"self":[{"href":"https:\/\/epaper.hirsch-porozell.at\/index.php\/wp-json\/wp\/v2\/pages\/248"}],"collection":[{"href":"https:\/\/epaper.hirsch-porozell.at\/index.php\/wp-json\/wp\/v2\/pages"}],"about":[{"href":"https:\/\/epaper.hirsch-porozell.at\/index.php\/wp-json\/wp\/v2\/types\/page"}],"author":[{"embeddable":true,"href":"https:\/\/epaper.hirsch-porozell.at\/index.php\/wp-json\/wp\/v2\/users\/1"}],"replies":[{"embeddable":true,"href":"https:\/\/epaper.hirsch-porozell.at\/index.php\/wp-json\/wp\/v2\/comments?post=248"}],"version-history":[{"count":170,"href":"https:\/\/epaper.hirsch-porozell.at\/index.php\/wp-json\/wp\/v2\/pages\/248\/revisions"}],"predecessor-version":[{"id":9448,"href":"https:\/\/epaper.hirsch-porozell.at\/index.php\/wp-json\/wp\/v2\/pages\/248\/revisions\/9448"}],"wp:attachment":[{"href":"https:\/\/epaper.hirsch-porozell.at\/index.php\/wp-json\/wp\/v2\/media?parent=248"}],"curies":[{"name":"wp","href":"https:\/\/api.w.org\/{rel}","templated":true}]}}