{"id":2591,"date":"2020-02-20T12:12:52","date_gmt":"2020-02-20T12:12:52","guid":{"rendered":"https:\/\/stal.qodeinteractive.com\/?page_id=2591"},"modified":"2025-02-11T10:26:00","modified_gmt":"2025-02-11T10:26:00","slug":"hirsch-servo","status":"publish","type":"page","link":"https:\/\/epaper.hirsch-porozell.at\/index.php\/hirsch-servo\/","title":{"rendered":"HIRSCH Servo Gruppe"},"content":{"rendered":"\t\t<div data-elementor-type=\"wp-page\" data-elementor-id=\"2591\" class=\"elementor elementor-2591\">\n\t\t\t\t\t\t<div class=\"elementor-inner\">\n\t\t\t\t<div class=\"elementor-section-wrap\">\n\t\t\t\t\t\t\t\t\t<section class=\"elementor-section elementor-top-section elementor-element elementor-element-8689569 elementor-section-full_width elementor-section-height-default elementor-section-height-default qodef-elementor-content-no\" data-id=\"8689569\" data-element_type=\"section\">\n\t\t\t\t\t\t<div class=\"elementor-container elementor-column-gap-default\">\n\t\t\t\t\t\t\t<div class=\"elementor-row\">\n\t\t\t\t\t<div class=\"elementor-column elementor-col-100 elementor-top-column elementor-element elementor-element-159dc36\" data-id=\"159dc36\" data-element_type=\"column\">\n\t\t\t<div class=\"elementor-column-wrap elementor-element-populated\">\n\t\t\t\t\t\t\t<div class=\"elementor-widget-wrap\">\n\t\t\t\t\t\t<div class=\"elementor-element elementor-element-f389f5d elementor-widget elementor-widget-stal_core_holder_with_image\" data-id=\"f389f5d\" data-element_type=\"widget\" data-widget_type=\"stal_core_holder_with_image.default\">\n\t\t\t\t<div class=\"elementor-widget-container\">\n\t\t\t<div class=\"qodef-shortcode qodef-m  qodef-holder-with-image qodef-layout--image-right qodef-disable-below--1024 qodef-appear-animation-enabled--no\" >\n\t<div class=\"qodef-m-inner\">\n\t\t<div class=\"qodef-m-content\" style=\"padding: 4% 0% 5% 16%;width: 67%;margin-right: 33%\">\n\t\t\t<div data-elementor-type=\"section\" data-elementor-id=\"181\" class=\"elementor elementor-181\">\n\t\t\t\t\t<div class=\"elementor-section-wrap\">\n\t\t\t\t\t\t\t\t<section class=\"elementor-section elementor-top-section elementor-element elementor-element-df80563 qodef-elementor-content-grid elementor-section-full_width elementor-section-height-default elementor-section-height-default\" data-id=\"df80563\" data-element_type=\"section\">\n\t\t\t\t\t\t<div class=\"elementor-container elementor-column-gap-default\">\n\t\t\t\t\t\t\t<div class=\"elementor-row\">\n\t\t\t\t\t<div class=\"elementor-column elementor-col-50 elementor-top-column elementor-element elementor-element-8edbea5\" data-id=\"8edbea5\" data-element_type=\"column\">\n\t\t\t<div class=\"elementor-column-wrap elementor-element-populated\">\n\t\t\t\t\t\t\t<div class=\"elementor-widget-wrap\">\n\t\t\t\t\t\t<div class=\"elementor-element elementor-element-bd05d1c elementor-widget elementor-widget-text-editor\" data-id=\"bd05d1c\" data-element_type=\"widget\" data-widget_type=\"text-editor.default\">\n\t\t\t\t<div class=\"elementor-widget-container\">\n\t\t\t\t\t\t\t\t<div class=\"elementor-text-editor elementor-clearfix\">\n\t\t\t\t<h2>Marktf\u00fchrer in der EPS-Industrie<\/h2>\t\t\t\t\t<\/div>\n\t\t\t\t\t\t<\/div>\n\t\t\t\t<\/div>\n\t\t\t\t<div class=\"elementor-element elementor-element-ce54fd1 elementor-widget elementor-widget-text-editor\" data-id=\"ce54fd1\" data-element_type=\"widget\" data-widget_type=\"text-editor.default\">\n\t\t\t\t<div class=\"elementor-widget-container\">\n\t\t\t\t\t\t\t\t<div class=\"elementor-text-editor elementor-clearfix\">\n\t\t\t\t<p>\u00dcber 50 Jahre internationale Erfahrung mit dem Werkstoff EPS machen die HIRSCH Servo Gruppe zum Markt- und Technologief\u00fchrer in Europa. In den beiden Gesch\u00e4ftsfeldern Verarbeitung und Technologie sind mehr als 1.900 Mitarbeiter:Innen in zehn L\u00e4ndern und an 34 Produktionsstandorten besch\u00e4ftigt. Dabei sind Spitzenqualit\u00e4t, Zuverl\u00e4ssigkeit, logistische Perfektion und hohe Innovationskraft unser Markenzeichen.<\/p>\t\t\t\t\t<\/div>\n\t\t\t\t\t\t<\/div>\n\t\t\t\t<\/div>\n\t\t\t\t<div class=\"elementor-element elementor-element-3e3bf98 elementor-widget elementor-widget-stal_core_button\" data-id=\"3e3bf98\" data-element_type=\"widget\" data-widget_type=\"stal_core_button.default\">\n\t\t\t\t<div class=\"elementor-widget-container\">\n\t\t\t<a class=\"qodef-shortcode qodef-m  qodef-button qodef-layout--splitted  qodef-html--link\" href=\"https:\/\/www.hirsch-gruppe.com\/\" target=\"_blank\" data-hover-color=\"#FFFFFF\" data-hover-background-color=\"#4E4E4E\" data-hover-border-color=\"#4E4E4E\" style=\"color: #FFFFFF;background-color: #C31824;border-color: #C31824\">\r\n    <span class=\"qodef-m-text\">\r\n        HIRSCH Servo Gruppe im \u00dcberblick        <svg class=\"qodef-m-arrowline\" xmlns=\"http:\/\/www.w3.org\/2000\/svg\" xmlns:xlink=\"http:\/\/www.w3.org\/1999\/xlink\" x=\"0px\" y=\"0px\" viewBox=\"0 0 63 20\" xml:space=\"preserve\">\n                            <line x1=\"61.6\" y1=\"10\" x2=\"61.6\" y2=\"10\"\/>\n                            <line x1=\"62\" y1=\"10\" x2=\"61.6\" y2=\"10\"\/>\n                            <line x1=\"61.6\" y1=\"10\" x2=\"1\" y2=\"10\"\/>\n                            <path d=\"M61.6,10\"\/>\n                            <line x1=\"61.6\" y1=\"10\" x2=\"61.6\" y2=\"10\"\/>\n                            <line class=\"arrow-up\" x1=\"56.7\" y1=\"5.1\" x2=\"61.6\" y2=\"10\"\/>\n                            <path d=\"M61.6,10\"\/>\n                            <line x1=\"61.6\" y1=\"10\" x2=\"61.6\" y2=\"10\"\/>\n                            <line class=\"arrow-down\" x1=\"61.6\" y1=\"10\" x2=\"56.7\" y2=\"14.9\"\/>\n                        <\/svg>    <\/span>\r\n    <span class=\"qodef-m-split qodef-split--up\"><\/span>\r\n    <span class=\"qodef-m-split qodef-split--down\"><\/span>\r\n<\/a>\r\n\t\t<\/div>\n\t\t\t\t<\/div>\n\t\t\t\t\t\t<\/div>\n\t\t\t\t\t<\/div>\n\t\t<\/div>\n\t\t\t\t<div class=\"elementor-column elementor-col-50 elementor-top-column elementor-element elementor-element-d280105\" data-id=\"d280105\" data-element_type=\"column\">\n\t\t\t<div class=\"elementor-column-wrap\">\n\t\t\t\t\t\t\t<div class=\"elementor-widget-wrap\">\n\t\t\t\t\t\t\t\t<\/div>\n\t\t\t\t\t<\/div>\n\t\t<\/div>\n\t\t\t\t\t\t\t\t<\/div>\n\t\t\t\t\t<\/div>\n\t\t<\/section>\n\t\t\t\t\t\t\t<\/div>\n\t\t\t\t<\/div>\n\t\t<\/div>\n\t\t<img class=\"qodef-m-image\" src=\"https:\/\/epaper.hirsch-porozell.at\/wp-content\/uploads\/2020\/11\/Standort-Glanegg.jpg\" alt=\"\"  \/>\t<\/div>\n<\/div>\t\t<\/div>\n\t\t\t\t<\/div>\n\t\t\t\t\t\t<\/div>\n\t\t\t\t\t<\/div>\n\t\t<\/div>\n\t\t\t\t\t\t\t\t<\/div>\n\t\t\t\t\t<\/div>\n\t\t<\/section>\n\t\t\t\t<section class=\"elementor-section elementor-top-section elementor-element elementor-element-1d07719 qodef-elementor-content-grid elementor-section-boxed elementor-section-height-default elementor-section-height-default\" data-id=\"1d07719\" data-element_type=\"section\">\n\t\t\t\t\t\t<div class=\"elementor-container elementor-column-gap-default\">\n\t\t\t\t\t\t\t<div class=\"elementor-row\">\n\t\t\t\t\t<div class=\"elementor-column elementor-col-50 elementor-top-column elementor-element elementor-element-25d55c5\" data-id=\"25d55c5\" data-element_type=\"column\">\n\t\t\t<div class=\"elementor-column-wrap elementor-element-populated\">\n\t\t\t\t\t\t\t<div class=\"elementor-widget-wrap\">\n\t\t\t\t\t\t<div class=\"elementor-element elementor-element-6e6dddc elementor-widget elementor-widget-heading\" data-id=\"6e6dddc\" data-element_type=\"widget\" data-widget_type=\"heading.default\">\n\t\t\t\t<div class=\"elementor-widget-container\">\n\t\t\t<h2 class=\"elementor-heading-title elementor-size-xl\">Stabilit\u00e4t und Nachhaltigkeit<\/h2>\t\t<\/div>\n\t\t\t\t<\/div>\n\t\t\t\t<div class=\"elementor-element elementor-element-38188e9 elementor-widget elementor-widget-text-editor\" data-id=\"38188e9\" data-element_type=\"widget\" data-widget_type=\"text-editor.default\">\n\t\t\t\t<div class=\"elementor-widget-container\">\n\t\t\t\t\t\t\t\t<div class=\"elementor-text-editor elementor-clearfix\">\n\t\t\t\t<p>Als Unternehmen ist es uns wichtig, nicht nur profitabel zu wirtschaften, sondern auch einen aktiven Beitrag zur Gesellschaft, \u00d6kologie, \u00d6konomie und sozialem Verhalten zu leisten<\/p>\t\t\t\t\t<\/div>\n\t\t\t\t\t\t<\/div>\n\t\t\t\t<\/div>\n\t\t\t\t<div class=\"elementor-element elementor-element-7358877 elementor-widget elementor-widget-stal_core_button\" data-id=\"7358877\" data-element_type=\"widget\" data-widget_type=\"stal_core_button.default\">\n\t\t\t\t<div class=\"elementor-widget-container\">\n\t\t\t<a class=\"qodef-shortcode qodef-m  qodef-button qodef-layout--splitted  qodef-html--link\" href=\"https:\/\/porozell.hirsch-gruppe.com\/nachhaltigkeit-recycling\/\" target=\"_blank\" data-hover-color=\"#FFFFFF\" data-hover-background-color=\"#4E4E4E\" data-hover-border-color=\"#4E4E4E\" style=\"color: #FFFFFF;background-color: #61A026;border-color: #61A026\">\r\n    <span class=\"qodef-m-text\">\r\n        Mehr \u00fcber HIRSCH:REuse        <svg class=\"qodef-m-arrowline\" xmlns=\"http:\/\/www.w3.org\/2000\/svg\" xmlns:xlink=\"http:\/\/www.w3.org\/1999\/xlink\" x=\"0px\" y=\"0px\" viewBox=\"0 0 63 20\" xml:space=\"preserve\">\n                            <line x1=\"61.6\" y1=\"10\" x2=\"61.6\" y2=\"10\"\/>\n                            <line x1=\"62\" y1=\"10\" x2=\"61.6\" y2=\"10\"\/>\n                            <line x1=\"61.6\" y1=\"10\" x2=\"1\" y2=\"10\"\/>\n                            <path d=\"M61.6,10\"\/>\n                            <line x1=\"61.6\" y1=\"10\" x2=\"61.6\" y2=\"10\"\/>\n                            <line class=\"arrow-up\" x1=\"56.7\" y1=\"5.1\" x2=\"61.6\" y2=\"10\"\/>\n                            <path d=\"M61.6,10\"\/>\n                            <line x1=\"61.6\" y1=\"10\" x2=\"61.6\" y2=\"10\"\/>\n                            <line class=\"arrow-down\" x1=\"61.6\" y1=\"10\" x2=\"56.7\" y2=\"14.9\"\/>\n                        <\/svg>    <\/span>\r\n    <span class=\"qodef-m-split qodef-split--up\"><\/span>\r\n    <span class=\"qodef-m-split qodef-split--down\"><\/span>\r\n<\/a>\r\n\t\t<\/div>\n\t\t\t\t<\/div>\n\t\t\t\t\t\t<\/div>\n\t\t\t\t\t<\/div>\n\t\t<\/div>\n\t\t\t\t<div class=\"elementor-column elementor-col-50 elementor-top-column elementor-element elementor-element-cdc7ba9\" data-id=\"cdc7ba9\" data-element_type=\"column\">\n\t\t\t<div class=\"elementor-column-wrap elementor-element-populated\">\n\t\t\t\t\t\t\t<div class=\"elementor-widget-wrap\">\n\t\t\t\t\t\t<div class=\"elementor-element elementor-element-6b6823f elementor-aspect-ratio-169 elementor-widget elementor-widget-video\" data-id=\"6b6823f\" data-element_type=\"widget\" data-widget_type=\"video.default\">\n\t\t\t\t<div class=\"elementor-widget-container\">\n\t\t\t\t\t<div class=\"elementor-wrapper elementor-fit-aspect-ratio elementor-open-inline\">\n\t\t\t<div class=\"elementor-video\"><div class=\"BorlabsCookie _brlbs-cb-youtube\"><div class=\"_brlbs-content-blocker\"> <div class=\"_brlbs-embed _brlbs-video-youtube\"> <img class=\"_brlbs-thumbnail\" src=\"https:\/\/dev.bigbang-digital.at\/Thermozellbroschuere\/wp-content\/uploads\/2020\/11\/Standort-Glanegg.jpg\" alt=\"YouTube\"> <div class=\"_brlbs-caption\"> <p>Mit dem Laden des Videos akzeptieren Sie die Datenschutzerkl\u00e4rung von YouTube.<br><a href=\"https:\/\/policies.google.com\/privacy\" target=\"_blank\" rel=\"nofollow noopener noreferrer\">Mehr erfahren<\/a><\/p> <p><a class=\"_brlbs-btn _brlbs-icon-play-white\" href=\"#\" data-borlabs-cookie-unblock role=\"button\">Video laden<\/a><\/p> <p><label><input type=\"checkbox\" name=\"unblockAll\" value=\"1\" checked> <small>YouTube immer entsperren<\/small><\/label><\/p> <\/div> <\/div> <\/div><div class=\"borlabs-hide\" data-borlabs-cookie-type=\"content-blocker\" data-borlabs-cookie-id=\"youtube\"><script type=\"text\/template\">PGlmcmFtZSB0aXRsZT0iSElSU0NIIFNlcnZvIEdyb3VwIHzCoEV4cGFuZGluZyB3aXRoIElkZWFzIiB3aWR0aD0iMTMwMCIgaGVpZ2h0PSI3MzEiIHNyYz0iaHR0cHM6Ly93d3cueW91dHViZS1ub2Nvb2tpZS5jb20vZW1iZWQvSFJ5UF9rS0Q5QlU\/ZmVhdHVyZT1vZW1iZWQmcmVsPTAmZW5hYmxlanNhcGk9MSZvcmlnaW49aHR0cHMlMjUzQSUyNTJGJTI1MkZlcGFwZXIuaGlyc2NoLXBvcm96ZWxsLmF0JmNvbnRyb2xzPTEmcGxheXNpbmxpbmU9MSIgZnJhbWVib3JkZXI9IjAiIGFsbG93PSJhY2NlbGVyb21ldGVyOyBhdXRvcGxheTsgY2xpcGJvYXJkLXdyaXRlOyBlbmNyeXB0ZWQtbWVkaWE7IGd5cm9zY29wZTsgcGljdHVyZS1pbi1waWN0dXJlOyB3ZWItc2hhcmUiIHJlZmVycmVycG9saWN5PSJzdHJpY3Qtb3JpZ2luLXdoZW4tY3Jvc3Mtb3JpZ2luIiBhbGxvd2Z1bGxzY3JlZW4+PC9pZnJhbWU+<\/script><\/div><\/div><\/div>\t\t\t\t<div class=\"borlabs-hide\" style=\"background-image: url(https:\/\/epaper.hirsch-porozell.at\/wp-content\/uploads\/2020\/11\/Standort-Glanegg.jpg);\">\n\t\t\t\t\t\t\t\t\t\t\t\t\t\t\t\t<div class=\"elementor-custom-embed-play\" role=\"button\" aria-label=\"Play Video\" tabindex=\"0\">\n\t\t\t\t\t\t\t<i aria-hidden=\"true\" class=\"eicon-play\"><\/i>\t\t\t\t\t\t\t<span class=\"elementor-screen-only\">Play Video<\/span>\n\t\t\t\t\t\t<\/div>\n\t\t\t\t\t\t\t\t\t<\/div>\n\t\t\t\t\t<\/div>\n\t\t\t\t<\/div>\n\t\t\t\t<\/div>\n\t\t\t\t\t\t<\/div>\n\t\t\t\t\t<\/div>\n\t\t<\/div>\n\t\t\t\t\t\t\t\t<\/div>\n\t\t\t\t\t<\/div>\n\t\t<\/section>\n\t\t\t\t<section class=\"elementor-section elementor-top-section elementor-element elementor-element-1f74f89 elementor-section-full_width elementor-section-height-default elementor-section-height-default qodef-elementor-content-no\" data-id=\"1f74f89\" data-element_type=\"section\">\n\t\t\t\t\t\t<div class=\"elementor-container elementor-column-gap-default\">\n\t\t\t\t\t\t\t<div class=\"elementor-row\">\n\t\t\t\t\t<div class=\"elementor-column elementor-col-100 elementor-top-column elementor-element elementor-element-6d17de8\" data-id=\"6d17de8\" data-element_type=\"column\">\n\t\t\t<div class=\"elementor-column-wrap elementor-element-populated\">\n\t\t\t\t\t\t\t<div class=\"elementor-widget-wrap\">\n\t\t\t\t\t\t<div class=\"elementor-element elementor-element-98e385e elementor-widget elementor-widget-image\" data-id=\"98e385e\" data-element_type=\"widget\" data-widget_type=\"image.default\">\n\t\t\t\t<div class=\"elementor-widget-container\">\n\t\t\t\t\t\t\t\t<div class=\"elementor-image\">\n\t\t\t\t\t\t\t\t\t\t\t\t<img width=\"4000\" height=\"2250\" src=\"https:\/\/epaper.hirsch-porozell.at\/wp-content\/uploads\/2025\/02\/Standortkarte_Powerpoint_Juli_2024_Gesamt_Punkte.jpg\" class=\"attachment-full size-full wp-image-9365\" alt=\"\" loading=\"lazy\" srcset=\"https:\/\/epaper.hirsch-porozell.at\/wp-content\/uploads\/2025\/02\/Standortkarte_Powerpoint_Juli_2024_Gesamt_Punkte.jpg 4000w, https:\/\/epaper.hirsch-porozell.at\/wp-content\/uploads\/2025\/02\/Standortkarte_Powerpoint_Juli_2024_Gesamt_Punkte-300x169.jpg 300w, https:\/\/epaper.hirsch-porozell.at\/wp-content\/uploads\/2025\/02\/Standortkarte_Powerpoint_Juli_2024_Gesamt_Punkte-1024x576.jpg 1024w, https:\/\/epaper.hirsch-porozell.at\/wp-content\/uploads\/2025\/02\/Standortkarte_Powerpoint_Juli_2024_Gesamt_Punkte-768x432.jpg 768w, https:\/\/epaper.hirsch-porozell.at\/wp-content\/uploads\/2025\/02\/Standortkarte_Powerpoint_Juli_2024_Gesamt_Punkte-1536x864.jpg 1536w, https:\/\/epaper.hirsch-porozell.at\/wp-content\/uploads\/2025\/02\/Standortkarte_Powerpoint_Juli_2024_Gesamt_Punkte-2048x1152.jpg 2048w\" sizes=\"(max-width: 4000px) 100vw, 4000px\" \/>\t\t\t\t\t\t\t\t\t\t\t\t\t\t<\/div>\n\t\t\t\t\t\t<\/div>\n\t\t\t\t<\/div>\n\t\t\t\t\t\t<\/div>\n\t\t\t\t\t<\/div>\n\t\t<\/div>\n\t\t\t\t\t\t\t\t<\/div>\n\t\t\t\t\t<\/div>\n\t\t<\/section>\n\t\t\t\t<section class=\"elementor-section elementor-top-section elementor-element elementor-element-ebd3287 qodef-elementor-content-grid elementor-section-boxed elementor-section-height-default elementor-section-height-default\" data-id=\"ebd3287\" data-element_type=\"section\">\n\t\t\t\t\t\t<div class=\"elementor-container elementor-column-gap-default\">\n\t\t\t\t\t\t\t<div class=\"elementor-row\">\n\t\t\t\t\t<div class=\"elementor-column elementor-col-33 elementor-top-column elementor-element elementor-element-8aff1b6\" data-id=\"8aff1b6\" data-element_type=\"column\" data-settings=\"{&quot;background_background&quot;:&quot;classic&quot;}\">\n\t\t\t<div class=\"elementor-column-wrap elementor-element-populated\">\n\t\t\t\t\t\t\t<div class=\"elementor-widget-wrap\">\n\t\t\t\t\t\t<div class=\"elementor-element elementor-element-a6ce1fa elementor-widget elementor-widget-text-editor\" data-id=\"a6ce1fa\" data-element_type=\"widget\" data-widget_type=\"text-editor.default\">\n\t\t\t\t<div class=\"elementor-widget-container\">\n\t\t\t\t\t\t\t\t<div class=\"elementor-text-editor elementor-clearfix\">\n\t\t\t\t<h4>D\u00e4mmstoffe<\/h4><p>D\u00e4mmstoffe f\u00fcr Innen- und Au\u00dfenw\u00e4nde, D\u00e4cher, Decken und B\u00f6den oder als Schwimmbadsteine<\/p>\t\t\t\t\t<\/div>\n\t\t\t\t\t\t<\/div>\n\t\t\t\t<\/div>\n\t\t\t\t<div class=\"elementor-element elementor-element-5ddef9d elementor-hidden-desktop elementor-hidden-tablet elementor-widget elementor-widget-image\" data-id=\"5ddef9d\" data-element_type=\"widget\" data-widget_type=\"image.default\">\n\t\t\t\t<div class=\"elementor-widget-container\">\n\t\t\t\t\t\t\t\t<div class=\"elementor-image\">\n\t\t\t\t\t\t\t\t\t\t\t\t<img width=\"228\" height=\"361\" src=\"https:\/\/epaper.hirsch-porozell.at\/wp-content\/uploads\/2022\/09\/daemstoffe01.png\" class=\"attachment-large size-large wp-image-7312\" alt=\"\" loading=\"lazy\" srcset=\"https:\/\/epaper.hirsch-porozell.at\/wp-content\/uploads\/2022\/09\/daemstoffe01.png 228w, https:\/\/epaper.hirsch-porozell.at\/wp-content\/uploads\/2022\/09\/daemstoffe01-189x300.png 189w\" sizes=\"(max-width: 228px) 100vw, 228px\" \/>\t\t\t\t\t\t\t\t\t\t\t\t\t\t<\/div>\n\t\t\t\t\t\t<\/div>\n\t\t\t\t<\/div>\n\t\t\t\t\t\t<\/div>\n\t\t\t\t\t<\/div>\n\t\t<\/div>\n\t\t\t\t<div class=\"elementor-column elementor-col-33 elementor-top-column elementor-element elementor-element-14e5596\" data-id=\"14e5596\" data-element_type=\"column\" data-settings=\"{&quot;background_background&quot;:&quot;classic&quot;}\">\n\t\t\t<div class=\"elementor-column-wrap elementor-element-populated\">\n\t\t\t\t\t\t\t<div class=\"elementor-widget-wrap\">\n\t\t\t\t\t\t<div class=\"elementor-element elementor-element-4d2b880 elementor-widget elementor-widget-text-editor\" data-id=\"4d2b880\" data-element_type=\"widget\" data-widget_type=\"text-editor.default\">\n\t\t\t\t<div class=\"elementor-widget-container\">\n\t\t\t\t\t\t\t\t<div class=\"elementor-text-editor elementor-clearfix\">\n\t\t\t\t<h4>Maschinenbau<\/h4><p>Maschinen und Anlagen sowie Formwerkzeuge <span class=\"ui-provider a b c d e f g h i j k l m n o p q r s t u v w x y z ab ac ae af ag ah ai aj ak\" dir=\"ltr\">f\u00fcr die Verarbeitung von Partikelsch\u00e4umen zu<\/span>\u00a0Formteilen und D\u00e4mmstoffen<\/p>\t\t\t\t\t<\/div>\n\t\t\t\t\t\t<\/div>\n\t\t\t\t<\/div>\n\t\t\t\t<div class=\"elementor-element elementor-element-4cd37d7 elementor-hidden-desktop elementor-hidden-tablet elementor-widget elementor-widget-image\" data-id=\"4cd37d7\" data-element_type=\"widget\" data-widget_type=\"image.default\">\n\t\t\t\t<div class=\"elementor-widget-container\">\n\t\t\t\t\t\t\t\t<div class=\"elementor-image\">\n\t\t\t\t\t\t\t\t\t\t\t\t<img width=\"228\" height=\"361\" src=\"https:\/\/epaper.hirsch-porozell.at\/wp-content\/uploads\/2022\/09\/daemstoffe03.png\" class=\"attachment-large size-large wp-image-7314\" alt=\"\" loading=\"lazy\" srcset=\"https:\/\/epaper.hirsch-porozell.at\/wp-content\/uploads\/2022\/09\/daemstoffe03.png 228w, https:\/\/epaper.hirsch-porozell.at\/wp-content\/uploads\/2022\/09\/daemstoffe03-189x300.png 189w\" sizes=\"(max-width: 228px) 100vw, 228px\" \/>\t\t\t\t\t\t\t\t\t\t\t\t\t\t<\/div>\n\t\t\t\t\t\t<\/div>\n\t\t\t\t<\/div>\n\t\t\t\t\t\t<\/div>\n\t\t\t\t\t<\/div>\n\t\t<\/div>\n\t\t\t\t<div class=\"elementor-column elementor-col-33 elementor-top-column elementor-element elementor-element-f0ca19e\" data-id=\"f0ca19e\" data-element_type=\"column\" data-settings=\"{&quot;background_background&quot;:&quot;classic&quot;}\">\n\t\t\t<div class=\"elementor-column-wrap elementor-element-populated\">\n\t\t\t\t\t\t\t<div class=\"elementor-widget-wrap\">\n\t\t\t\t\t\t<div class=\"elementor-element elementor-element-16d42cc elementor-widget elementor-widget-text-editor\" data-id=\"16d42cc\" data-element_type=\"widget\" data-widget_type=\"text-editor.default\">\n\t\t\t\t<div class=\"elementor-widget-container\">\n\t\t\t\t\t\t\t\t<div class=\"elementor-text-editor elementor-clearfix\">\n\t\t\t\t<h4>Verpackungen<\/h4><p>Transportschutz, technische Formteile f\u00fcr industrielle Anwendungen oder Formteile mit speziellen Materialanforderungen<\/p>\t\t\t\t\t<\/div>\n\t\t\t\t\t\t<\/div>\n\t\t\t\t<\/div>\n\t\t\t\t<div class=\"elementor-element elementor-element-f1a2f06 elementor-hidden-desktop elementor-hidden-tablet elementor-widget elementor-widget-image\" data-id=\"f1a2f06\" data-element_type=\"widget\" data-widget_type=\"image.default\">\n\t\t\t\t<div class=\"elementor-widget-container\">\n\t\t\t\t\t\t\t\t<div class=\"elementor-image\">\n\t\t\t\t\t\t\t\t\t\t\t\t<img width=\"228\" height=\"361\" src=\"https:\/\/epaper.hirsch-porozell.at\/wp-content\/uploads\/2022\/09\/daemstoffe02.png\" class=\"attachment-large size-large wp-image-7313\" alt=\"\" loading=\"lazy\" srcset=\"https:\/\/epaper.hirsch-porozell.at\/wp-content\/uploads\/2022\/09\/daemstoffe02.png 228w, https:\/\/epaper.hirsch-porozell.at\/wp-content\/uploads\/2022\/09\/daemstoffe02-189x300.png 189w\" sizes=\"(max-width: 228px) 100vw, 228px\" \/>\t\t\t\t\t\t\t\t\t\t\t\t\t\t<\/div>\n\t\t\t\t\t\t<\/div>\n\t\t\t\t<\/div>\n\t\t\t\t\t\t<\/div>\n\t\t\t\t\t<\/div>\n\t\t<\/div>\n\t\t\t\t\t\t\t\t<\/div>\n\t\t\t\t\t<\/div>\n\t\t<\/section>\n\t\t\t\t<section class=\"elementor-section elementor-top-section elementor-element elementor-element-9387652 qodef-elementor-content-grid elementor-hidden-phone elementor-section-boxed elementor-section-height-default elementor-section-height-default\" data-id=\"9387652\" data-element_type=\"section\">\n\t\t\t\t\t\t<div class=\"elementor-container elementor-column-gap-default\">\n\t\t\t\t\t\t\t<div class=\"elementor-row\">\n\t\t\t\t\t<div class=\"elementor-column elementor-col-33 elementor-top-column elementor-element elementor-element-39f8c3b\" data-id=\"39f8c3b\" data-element_type=\"column\" data-settings=\"{&quot;background_background&quot;:&quot;classic&quot;}\">\n\t\t\t<div class=\"elementor-column-wrap elementor-element-populated\">\n\t\t\t\t\t\t\t<div class=\"elementor-widget-wrap\">\n\t\t\t\t\t\t<div class=\"elementor-element elementor-element-9d08964 elementor-widget elementor-widget-image\" data-id=\"9d08964\" data-element_type=\"widget\" data-widget_type=\"image.default\">\n\t\t\t\t<div class=\"elementor-widget-container\">\n\t\t\t\t\t\t\t\t<div class=\"elementor-image\">\n\t\t\t\t\t\t\t\t\t\t\t\t<img width=\"228\" height=\"361\" src=\"https:\/\/epaper.hirsch-porozell.at\/wp-content\/uploads\/2025\/02\/daemstoffe0.png\" class=\"attachment-large size-large wp-image-9414\" alt=\"\" loading=\"lazy\" srcset=\"https:\/\/epaper.hirsch-porozell.at\/wp-content\/uploads\/2025\/02\/daemstoffe0.png 228w, https:\/\/epaper.hirsch-porozell.at\/wp-content\/uploads\/2025\/02\/daemstoffe0-189x300.png 189w\" sizes=\"(max-width: 228px) 100vw, 228px\" \/>\t\t\t\t\t\t\t\t\t\t\t\t\t\t<\/div>\n\t\t\t\t\t\t<\/div>\n\t\t\t\t<\/div>\n\t\t\t\t\t\t<\/div>\n\t\t\t\t\t<\/div>\n\t\t<\/div>\n\t\t\t\t<div class=\"elementor-column elementor-col-33 elementor-top-column elementor-element elementor-element-09d9769\" data-id=\"09d9769\" data-element_type=\"column\" data-settings=\"{&quot;background_background&quot;:&quot;classic&quot;}\">\n\t\t\t<div class=\"elementor-column-wrap elementor-element-populated\">\n\t\t\t\t\t\t\t<div class=\"elementor-widget-wrap\">\n\t\t\t\t\t\t<div class=\"elementor-element elementor-element-f0b6570 elementor-widget elementor-widget-image\" data-id=\"f0b6570\" data-element_type=\"widget\" data-widget_type=\"image.default\">\n\t\t\t\t<div class=\"elementor-widget-container\">\n\t\t\t\t\t\t\t\t<div class=\"elementor-image\">\n\t\t\t\t\t\t\t\t\t\t\t\t<img width=\"228\" height=\"361\" src=\"https:\/\/epaper.hirsch-porozell.at\/wp-content\/uploads\/2025\/02\/technology.png\" class=\"attachment-large size-large wp-image-9400\" alt=\"\" loading=\"lazy\" srcset=\"https:\/\/epaper.hirsch-porozell.at\/wp-content\/uploads\/2025\/02\/technology.png 228w, https:\/\/epaper.hirsch-porozell.at\/wp-content\/uploads\/2025\/02\/technology-189x300.png 189w\" sizes=\"(max-width: 228px) 100vw, 228px\" \/>\t\t\t\t\t\t\t\t\t\t\t\t\t\t<\/div>\n\t\t\t\t\t\t<\/div>\n\t\t\t\t<\/div>\n\t\t\t\t\t\t<\/div>\n\t\t\t\t\t<\/div>\n\t\t<\/div>\n\t\t\t\t<div class=\"elementor-column elementor-col-33 elementor-top-column elementor-element elementor-element-e2c502d\" data-id=\"e2c502d\" data-element_type=\"column\" data-settings=\"{&quot;background_background&quot;:&quot;classic&quot;}\">\n\t\t\t<div class=\"elementor-column-wrap elementor-element-populated\">\n\t\t\t\t\t\t\t<div class=\"elementor-widget-wrap\">\n\t\t\t\t\t\t<div class=\"elementor-element elementor-element-77001d6 elementor-widget elementor-widget-image\" data-id=\"77001d6\" data-element_type=\"widget\" data-widget_type=\"image.default\">\n\t\t\t\t<div class=\"elementor-widget-container\">\n\t\t\t\t\t\t\t\t<div class=\"elementor-image\">\n\t\t\t\t\t\t\t\t\t\t\t\t<img width=\"228\" height=\"361\" src=\"https:\/\/epaper.hirsch-porozell.at\/wp-content\/uploads\/2025\/02\/daemstoffe02.png\" class=\"attachment-large size-large wp-image-9403\" alt=\"\" loading=\"lazy\" srcset=\"https:\/\/epaper.hirsch-porozell.at\/wp-content\/uploads\/2025\/02\/daemstoffe02.png 228w, https:\/\/epaper.hirsch-porozell.at\/wp-content\/uploads\/2025\/02\/daemstoffe02-189x300.png 189w\" sizes=\"(max-width: 228px) 100vw, 228px\" \/>\t\t\t\t\t\t\t\t\t\t\t\t\t\t<\/div>\n\t\t\t\t\t\t<\/div>\n\t\t\t\t<\/div>\n\t\t\t\t\t\t<\/div>\n\t\t\t\t\t<\/div>\n\t\t<\/div>\n\t\t\t\t\t\t\t\t<\/div>\n\t\t\t\t\t<\/div>\n\t\t<\/section>\n\t\t\t\t\t\t\t\t\t<\/div>\n\t\t\t<\/div>\n\t\t\t\t\t<\/div>\n\t\t","protected":false},"excerpt":{"rendered":"<p>Marktf\u00fchrer in der EPS-Industrie \u00dcber 50 Jahre internationale Erfahrung mit dem Werkstoff EPS machen die HIRSCH Servo Gruppe zum Markt- und Technologief\u00fchrer in Europa. In den beiden Gesch\u00e4ftsfeldern Verarbeitung und Technologie sind mehr als 1.900 Mitarbeiter:Innen in zehn L\u00e4ndern und an 34 Produktionsstandorten besch\u00e4ftigt. Dabei sind Spitzenqualit\u00e4t, Zuverl\u00e4ssigkeit, logistische Perfektion und hohe Innovationskraft unser Markenzeichen. [&hellip;]<\/p>\n","protected":false},"author":1,"featured_media":0,"parent":0,"menu_order":0,"comment_status":"closed","ping_status":"closed","template":"page-full-width.php","meta":[],"_links":{"self":[{"href":"https:\/\/epaper.hirsch-porozell.at\/index.php\/wp-json\/wp\/v2\/pages\/2591"}],"collection":[{"href":"https:\/\/epaper.hirsch-porozell.at\/index.php\/wp-json\/wp\/v2\/pages"}],"about":[{"href":"https:\/\/epaper.hirsch-porozell.at\/index.php\/wp-json\/wp\/v2\/types\/page"}],"author":[{"embeddable":true,"href":"https:\/\/epaper.hirsch-porozell.at\/index.php\/wp-json\/wp\/v2\/users\/1"}],"replies":[{"embeddable":true,"href":"https:\/\/epaper.hirsch-porozell.at\/index.php\/wp-json\/wp\/v2\/comments?post=2591"}],"version-history":[{"count":63,"href":"https:\/\/epaper.hirsch-porozell.at\/index.php\/wp-json\/wp\/v2\/pages\/2591\/revisions"}],"predecessor-version":[{"id":9417,"href":"https:\/\/epaper.hirsch-porozell.at\/index.php\/wp-json\/wp\/v2\/pages\/2591\/revisions\/9417"}],"wp:attachment":[{"href":"https:\/\/epaper.hirsch-porozell.at\/index.php\/wp-json\/wp\/v2\/media?parent=2591"}],"curies":[{"name":"wp","href":"https:\/\/api.w.org\/{rel}","templated":true}]}}