{"id":6222,"date":"2022-04-13T10:15:51","date_gmt":"2022-04-13T10:15:51","guid":{"rendered":"https:\/\/epaper.hirsch-porozell.at\/?page_id=6222"},"modified":"2023-02-23T09:00:58","modified_gmt":"2023-02-23T09:00:58","slug":"produktubersicht-boden","status":"publish","type":"page","link":"https:\/\/epaper.hirsch-porozell.at\/index.php\/produkte\/produktubersicht-boden\/","title":{"rendered":"Produkt\u00fcbersicht Boden"},"content":{"rendered":"\t\t<div data-elementor-type=\"wp-page\" data-elementor-id=\"6222\" class=\"elementor elementor-6222\">\n\t\t\t\t\t\t<div class=\"elementor-inner\">\n\t\t\t\t<div class=\"elementor-section-wrap\">\n\t\t\t\t\t\t\t\t\t<section class=\"elementor-section elementor-top-section elementor-element elementor-element-ea7688c elementor-section-full_width elementor-section-height-default elementor-section-height-default qodef-elementor-content-no\" data-id=\"ea7688c\" data-element_type=\"section\">\n\t\t\t\t\t\t<div class=\"elementor-container elementor-column-gap-default\">\n\t\t\t\t\t\t\t<div class=\"elementor-row\">\n\t\t\t\t\t<div class=\"elementor-column elementor-col-100 elementor-top-column elementor-element elementor-element-ae00dfb\" data-id=\"ae00dfb\" data-element_type=\"column\">\n\t\t\t<div class=\"elementor-column-wrap\">\n\t\t\t\t\t\t\t<div class=\"elementor-widget-wrap\">\n\t\t\t\t\t\t\t\t<\/div>\n\t\t\t\t\t<\/div>\n\t\t<\/div>\n\t\t\t\t\t\t\t\t<\/div>\n\t\t\t\t\t<\/div>\n\t\t<\/section>\n\t\t\t\t<section class=\"elementor-section elementor-top-section elementor-element elementor-element-51b74762 qodef-elementor-content-grid elementor-section-height-full elementor-section-boxed elementor-section-height-default elementor-section-items-middle\" data-id=\"51b74762\" data-element_type=\"section\" data-settings=\"{&quot;background_background&quot;:&quot;classic&quot;,&quot;animation&quot;:&quot;none&quot;}\">\n\t\t\t\t\t\t<div class=\"elementor-container elementor-column-gap-default\">\n\t\t\t\t\t\t\t<div class=\"elementor-row\">\n\t\t\t\t\t<div class=\"elementor-column elementor-col-33 elementor-top-column elementor-element elementor-element-6aba60f8\" data-id=\"6aba60f8\" data-element_type=\"column\" data-settings=\"{&quot;background_background&quot;:&quot;classic&quot;}\">\n\t\t\t<div class=\"elementor-column-wrap elementor-element-populated\">\n\t\t\t\t\t\t\t<div class=\"elementor-widget-wrap\">\n\t\t\t\t\t\t<div class=\"elementor-element elementor-element-22c12ca9 elementor-widget elementor-widget-stal_core_icon_with_text\" data-id=\"22c12ca9\" data-element_type=\"widget\" data-widget_type=\"stal_core_icon_with_text.default\">\n\t\t\t\t<div class=\"elementor-widget-container\">\n\t\t\t<div class=\"qodef-shortcode qodef-m  qodef-icon-with-text qodef-layout--top  qodef--custom-icon qodef-appear-animation--enabled qodef-alignment--center\" >\n\t<div class=\"qodef-m-icon-wrapper\">\n\t\t\t\t\t<a itemprop=\"url\" href=\"https:\/\/epaper.hirsch-porozell.at\/index.php\/produkte\/produktubersicht-boden\/produktubersicht-eps-w\" target=\"_self\">\n\t\t\t<img width=\"1000\" height=\"800\" src=\"https:\/\/epaper.hirsch-porozell.at\/wp-content\/uploads\/2023\/02\/Mockup_StretchfolieReUse_bearbeitet_W15_5Platten_blau.png\" class=\"attachment-full size-full\" alt=\"\" loading=\"lazy\" srcset=\"https:\/\/epaper.hirsch-porozell.at\/wp-content\/uploads\/2023\/02\/Mockup_StretchfolieReUse_bearbeitet_W15_5Platten_blau.png 1000w, https:\/\/epaper.hirsch-porozell.at\/wp-content\/uploads\/2023\/02\/Mockup_StretchfolieReUse_bearbeitet_W15_5Platten_blau-300x240.png 300w, https:\/\/epaper.hirsch-porozell.at\/wp-content\/uploads\/2023\/02\/Mockup_StretchfolieReUse_bearbeitet_W15_5Platten_blau-768x614.png 768w\" sizes=\"(max-width: 1000px) 100vw, 1000px\" \/>\t\t\t<\/a>\n\t\t<\/div>\n\t<div class=\"qodef-m-content\">\n\t\t\t<h3 class=\"qodef-m-title\" >\n\t\t\t\t\t<a itemprop=\"url\" href=\"https:\/\/epaper.hirsch-porozell.at\/index.php\/produkte\/produktubersicht-boden\/produktubersicht-eps-w\" target=\"_self\">\n\t\t\t\t\t<span class=\"qodef-m-title-text\">Bodend\u00e4mmung<\/span>\n\t\t\t\t\t<\/a>\n\t\t\t<\/h3>\n\t\t\t<\/div>\n<\/div>\t\t<\/div>\n\t\t\t\t<\/div>\n\t\t\t\t\t\t<\/div>\n\t\t\t\t\t<\/div>\n\t\t<\/div>\n\t\t\t\t<div class=\"elementor-column elementor-col-33 elementor-top-column elementor-element elementor-element-64929479\" data-id=\"64929479\" data-element_type=\"column\" data-settings=\"{&quot;background_background&quot;:&quot;classic&quot;}\">\n\t\t\t<div class=\"elementor-column-wrap elementor-element-populated\">\n\t\t\t\t\t\t\t<div class=\"elementor-widget-wrap\">\n\t\t\t\t\t\t<div class=\"elementor-element elementor-element-62d24608 elementor-widget elementor-widget-stal_core_icon_with_text\" data-id=\"62d24608\" data-element_type=\"widget\" data-widget_type=\"stal_core_icon_with_text.default\">\n\t\t\t\t<div class=\"elementor-widget-container\">\n\t\t\t<div class=\"qodef-shortcode qodef-m  qodef-icon-with-text qodef-layout--top  qodef--custom-icon qodef-appear-animation--enabled qodef-alignment--center\" >\n\t<div class=\"qodef-m-icon-wrapper\">\n\t\t\t\t\t<a itemprop=\"url\" href=\"https:\/\/epaper.hirsch-porozell.at\/index.php\/produkte\/produktubersicht-boden\/produktubersicht-thermozell\/\" target=\"_self\">\n\t\t\t<img width=\"1000\" height=\"800\" src=\"https:\/\/epaper.hirsch-porozell.at\/wp-content\/uploads\/2023\/02\/Eco-Speed-eco.png\" class=\"attachment-full size-full\" alt=\"\" loading=\"lazy\" srcset=\"https:\/\/epaper.hirsch-porozell.at\/wp-content\/uploads\/2023\/02\/Eco-Speed-eco.png 1000w, https:\/\/epaper.hirsch-porozell.at\/wp-content\/uploads\/2023\/02\/Eco-Speed-eco-300x240.png 300w, https:\/\/epaper.hirsch-porozell.at\/wp-content\/uploads\/2023\/02\/Eco-Speed-eco-768x614.png 768w\" sizes=\"(max-width: 1000px) 100vw, 1000px\" \/>\t\t\t<\/a>\n\t\t<\/div>\n\t<div class=\"qodef-m-content\">\n\t\t\t<h3 class=\"qodef-m-title\" >\n\t\t\t\t\t<a itemprop=\"url\" href=\"https:\/\/epaper.hirsch-porozell.at\/index.php\/produkte\/produktubersicht-boden\/produktubersicht-thermozell\/\" target=\"_self\">\n\t\t\t\t\t<span class=\"qodef-m-title-text\">Ausgleichssch\u00fcttung<\/span>\n\t\t\t\t\t<\/a>\n\t\t\t<\/h3>\n\t\t\t<\/div>\n<\/div>\t\t<\/div>\n\t\t\t\t<\/div>\n\t\t\t\t\t\t<\/div>\n\t\t\t\t\t<\/div>\n\t\t<\/div>\n\t\t\t\t<div class=\"elementor-column elementor-col-33 elementor-top-column elementor-element elementor-element-6ede64af\" data-id=\"6ede64af\" data-element_type=\"column\" data-settings=\"{&quot;background_background&quot;:&quot;classic&quot;}\">\n\t\t\t<div class=\"elementor-column-wrap elementor-element-populated\">\n\t\t\t\t\t\t\t<div class=\"elementor-widget-wrap\">\n\t\t\t\t\t\t<div class=\"elementor-element elementor-element-3fcd3a80 elementor-widget elementor-widget-stal_core_icon_with_text\" data-id=\"3fcd3a80\" data-element_type=\"widget\" data-widget_type=\"stal_core_icon_with_text.default\">\n\t\t\t\t<div class=\"elementor-widget-container\">\n\t\t\t<div class=\"qodef-shortcode qodef-m  qodef-icon-with-text qodef-layout--top  qodef--custom-icon qodef-appear-animation--enabled qodef-alignment--center\" >\n\t<div class=\"qodef-m-icon-wrapper\">\n\t\t\t\t\t<a itemprop=\"url\" href=\"https:\/\/epaper.hirsch-porozell.at\/index.php\/produkte\/produktubersicht-boden\/produktubersicht-eps-t\/\" target=\"_self\">\n\t\t\t<img width=\"4724\" height=\"3780\" src=\"https:\/\/epaper.hirsch-porozell.at\/wp-content\/uploads\/2022\/05\/Mockup_StretchfolieReUse_bearbeitet_16-Platten_gruen_schwarz.png\" class=\"attachment-full size-full\" alt=\"\" loading=\"lazy\" srcset=\"https:\/\/epaper.hirsch-porozell.at\/wp-content\/uploads\/2022\/05\/Mockup_StretchfolieReUse_bearbeitet_16-Platten_gruen_schwarz.png 4724w, https:\/\/epaper.hirsch-porozell.at\/wp-content\/uploads\/2022\/05\/Mockup_StretchfolieReUse_bearbeitet_16-Platten_gruen_schwarz-300x240.png 300w, https:\/\/epaper.hirsch-porozell.at\/wp-content\/uploads\/2022\/05\/Mockup_StretchfolieReUse_bearbeitet_16-Platten_gruen_schwarz-1024x819.png 1024w, https:\/\/epaper.hirsch-porozell.at\/wp-content\/uploads\/2022\/05\/Mockup_StretchfolieReUse_bearbeitet_16-Platten_gruen_schwarz-768x615.png 768w, https:\/\/epaper.hirsch-porozell.at\/wp-content\/uploads\/2022\/05\/Mockup_StretchfolieReUse_bearbeitet_16-Platten_gruen_schwarz-1536x1229.png 1536w, https:\/\/epaper.hirsch-porozell.at\/wp-content\/uploads\/2022\/05\/Mockup_StretchfolieReUse_bearbeitet_16-Platten_gruen_schwarz-2048x1639.png 2048w\" sizes=\"(max-width: 4724px) 100vw, 4724px\" \/>\t\t\t<\/a>\n\t\t<\/div>\n\t<div class=\"qodef-m-content\">\n\t\t\t<h3 class=\"qodef-m-title\" >\n\t\t\t\t\t<a itemprop=\"url\" href=\"https:\/\/epaper.hirsch-porozell.at\/index.php\/produkte\/produktubersicht-boden\/produktubersicht-eps-t\/\" target=\"_self\">\n\t\t\t\t\t<span class=\"qodef-m-title-text\">Trittschalld\u00e4mmung<\/span>\n\t\t\t\t\t<\/a>\n\t\t\t<\/h3>\n\t\t\t<\/div>\n<\/div>\t\t<\/div>\n\t\t\t\t<\/div>\n\t\t\t\t\t\t<\/div>\n\t\t\t\t\t<\/div>\n\t\t<\/div>\n\t\t\t\t\t\t\t\t<\/div>\n\t\t\t\t\t<\/div>\n\t\t<\/section>\n\t\t\t\t\t\t\t\t\t<\/div>\n\t\t\t<\/div>\n\t\t\t\t\t<\/div>\n\t\t","protected":false},"excerpt":{"rendered":"<p>Bodend\u00e4mmung Ausgleichssch\u00fcttung Trittschalld\u00e4mmung<\/p>\n","protected":false},"author":1,"featured_media":0,"parent":5852,"menu_order":0,"comment_status":"closed","ping_status":"closed","template":"page-full-width.php","meta":[],"_links":{"self":[{"href":"https:\/\/epaper.hirsch-porozell.at\/index.php\/wp-json\/wp\/v2\/pages\/6222"}],"collection":[{"href":"https:\/\/epaper.hirsch-porozell.at\/index.php\/wp-json\/wp\/v2\/pages"}],"about":[{"href":"https:\/\/epaper.hirsch-porozell.at\/index.php\/wp-json\/wp\/v2\/types\/page"}],"author":[{"embeddable":true,"href":"https:\/\/epaper.hirsch-porozell.at\/index.php\/wp-json\/wp\/v2\/users\/1"}],"replies":[{"embeddable":true,"href":"https:\/\/epaper.hirsch-porozell.at\/index.php\/wp-json\/wp\/v2\/comments?post=6222"}],"version-history":[{"count":72,"href":"https:\/\/epaper.hirsch-porozell.at\/index.php\/wp-json\/wp\/v2\/pages\/6222\/revisions"}],"predecessor-version":[{"id":8877,"href":"https:\/\/epaper.hirsch-porozell.at\/index.php\/wp-json\/wp\/v2\/pages\/6222\/revisions\/8877"}],"up":[{"embeddable":true,"href":"https:\/\/epaper.hirsch-porozell.at\/index.php\/wp-json\/wp\/v2\/pages\/5852"}],"wp:attachment":[{"href":"https:\/\/epaper.hirsch-porozell.at\/index.php\/wp-json\/wp\/v2\/media?parent=6222"}],"curies":[{"name":"wp","href":"https:\/\/api.w.org\/{rel}","templated":true}]}}