{"id":6504,"date":"2022-05-11T09:47:13","date_gmt":"2022-05-11T09:47:13","guid":{"rendered":"https:\/\/epaper.hirsch-porozell.at\/?page_id=6504"},"modified":"2025-02-13T11:13:18","modified_gmt":"2025-02-13T11:13:18","slug":"wps-w-20","status":"publish","type":"page","link":"https:\/\/epaper.hirsch-porozell.at\/index.php\/produkte\/produktubersicht-boden\/produktubersicht-eps-w\/wps-w-20\/","title":{"rendered":"EPS-W 20"},"content":{"rendered":"\t\t<div data-elementor-type=\"wp-page\" data-elementor-id=\"6504\" class=\"elementor elementor-6504\">\n\t\t\t\t\t\t<div class=\"elementor-inner\">\n\t\t\t\t<div class=\"elementor-section-wrap\">\n\t\t\t\t\t\t\t\t\t<section class=\"elementor-section elementor-top-section elementor-element elementor-element-46a3d21 elementor-section-full_width elementor-section-height-default elementor-section-height-default qodef-elementor-content-no\" data-id=\"46a3d21\" data-element_type=\"section\">\n\t\t\t\t\t\t<div class=\"elementor-container elementor-column-gap-default\">\n\t\t\t\t\t\t\t<div class=\"elementor-row\">\n\t\t\t\t\t<div class=\"elementor-column elementor-col-100 elementor-top-column elementor-element elementor-element-7461a82\" data-id=\"7461a82\" data-element_type=\"column\">\n\t\t\t<div class=\"elementor-column-wrap\">\n\t\t\t\t\t\t\t<div class=\"elementor-widget-wrap\">\n\t\t\t\t\t\t\t\t<\/div>\n\t\t\t\t\t<\/div>\n\t\t<\/div>\n\t\t\t\t\t\t\t\t<\/div>\n\t\t\t\t\t<\/div>\n\t\t<\/section>\n\t\t\t\t<section class=\"elementor-section elementor-top-section elementor-element elementor-element-6d14992 qodef-elementor-content-grid elementor-section-height-full elementor-section-items-bottom elementor-section-boxed elementor-section-height-default\" data-id=\"6d14992\" data-element_type=\"section\" data-settings=\"{&quot;background_background&quot;:&quot;classic&quot;,&quot;animation&quot;:&quot;none&quot;}\">\n\t\t\t\t\t\t\t<div class=\"elementor-background-overlay\"><\/div>\n\t\t\t\t\t\t\t<div class=\"elementor-container elementor-column-gap-no\">\n\t\t\t\t\t\t\t<div class=\"elementor-row\">\n\t\t\t\t\t<div class=\"elementor-column elementor-col-20 elementor-top-column elementor-element elementor-element-4e3c4b5 elementor-hidden-desktop elementor-hidden-tablet elementor-hidden-phone\" data-id=\"4e3c4b5\" data-element_type=\"column\" data-settings=\"{&quot;background_background&quot;:&quot;classic&quot;}\">\n\t\t\t<div class=\"elementor-column-wrap elementor-element-populated\">\n\t\t\t\t\t\t\t<div class=\"elementor-widget-wrap\">\n\t\t\t\t\t\t<div class=\"elementor-element elementor-element-fbe859b elementor-widget elementor-widget-stal_core_icon_with_text\" data-id=\"fbe859b\" data-element_type=\"widget\" data-widget_type=\"stal_core_icon_with_text.default\">\n\t\t\t\t<div class=\"elementor-widget-container\">\n\t\t\t<div class=\"qodef-shortcode qodef-m  qodef-icon-with-text qodef-layout--top  qodef--icon-pack qodef-appear-animation--enabled qodef-alignment--center\" >\n\t<div class=\"qodef-m-icon-wrapper\">\n\t\t<span class=\"qodef-shortcode qodef-m  qodef-icon-holder qodef-size--small qodef-layout--normal\" data-hover-color=\"#C31824\" >\t\t\t<a itemprop=\"url\" href=\"https:\/\/epaper.hirsch-porozell.at\/index.php\/produkte\/produktubersicht-boden\/produktubersicht-eps-t\/eps-t1000-trittschallplatte\/eps-t1000-trittschallplatte-technische-daten\/\" target=\"_self\">            <span class=\"qodef-icon-font-awesome fa fa-plus-circle qodef-icon qodef-e\" style=\"color: #FFFFFF\" ><\/span>            <\/a>\t<\/span>\t<\/div>\n\t<div class=\"qodef-m-content\">\n\t\t\t<h4 class=\"qodef-m-title\" >\n\t\t\t\t\t<a itemprop=\"url\" href=\"https:\/\/epaper.hirsch-porozell.at\/index.php\/produkte\/produktubersicht-boden\/produktubersicht-eps-t\/eps-t1000-trittschallplatte\/eps-t1000-trittschallplatte-technische-daten\/\" target=\"_self\">\n\t\t\t\t\t<span class=\"qodef-m-title-text\">Technische Daten<\/span>\n\t\t\t\t\t<\/a>\n\t\t\t<\/h4>\n\t\t\t<\/div>\n<\/div>\t\t<\/div>\n\t\t\t\t<\/div>\n\t\t\t\t\t\t<\/div>\n\t\t\t\t\t<\/div>\n\t\t<\/div>\n\t\t\t\t<div class=\"elementor-column elementor-col-20 elementor-top-column elementor-element elementor-element-bfe9e21 elementor-hidden-desktop elementor-hidden-tablet elementor-hidden-phone\" data-id=\"bfe9e21\" data-element_type=\"column\" data-settings=\"{&quot;background_background&quot;:&quot;classic&quot;}\">\n\t\t\t<div class=\"elementor-column-wrap elementor-element-populated\">\n\t\t\t\t\t\t\t<div class=\"elementor-widget-wrap\">\n\t\t\t\t\t\t<div class=\"elementor-element elementor-element-caa0b71 elementor-widget elementor-widget-stal_core_icon_with_text\" data-id=\"caa0b71\" data-element_type=\"widget\" data-widget_type=\"stal_core_icon_with_text.default\">\n\t\t\t\t<div class=\"elementor-widget-container\">\n\t\t\t<div class=\"qodef-shortcode qodef-m  qodef-icon-with-text qodef-layout--top  qodef--icon-pack qodef-appear-animation--enabled qodef-alignment--center\" >\n\t<div class=\"qodef-m-icon-wrapper\">\n\t\t<span class=\"qodef-shortcode qodef-m  qodef-icon-holder qodef-size--small qodef-layout--normal\" data-hover-color=\"#C31824\" >\t\t\t<a itemprop=\"url\" href=\"https:\/\/epaper.hirsch-porozell.at\/index.php\/eigenschaften\/\" target=\"_self\">            <span class=\"qodef-icon-font-awesome fa fa-cogs qodef-icon qodef-e\" style=\"color: #FFFFFF\" ><\/span>            <\/a>\t<\/span>\t<\/div>\n\t<div class=\"qodef-m-content\">\n\t\t\t<h4 class=\"qodef-m-title\" >\n\t\t\t\t\t<a itemprop=\"url\" href=\"https:\/\/epaper.hirsch-porozell.at\/index.php\/eigenschaften\/\" target=\"_self\">\n\t\t\t\t\t<span class=\"qodef-m-title-text\">Eigenschaften<\/span>\n\t\t\t\t\t<\/a>\n\t\t\t<\/h4>\n\t\t\t<\/div>\n<\/div>\t\t<\/div>\n\t\t\t\t<\/div>\n\t\t\t\t\t\t<\/div>\n\t\t\t\t\t<\/div>\n\t\t<\/div>\n\t\t\t\t<div class=\"elementor-column elementor-col-20 elementor-top-column elementor-element elementor-element-76655a0 elementor-hidden-desktop elementor-hidden-tablet elementor-hidden-phone\" data-id=\"76655a0\" data-element_type=\"column\" data-settings=\"{&quot;background_background&quot;:&quot;classic&quot;}\">\n\t\t\t<div class=\"elementor-column-wrap elementor-element-populated\">\n\t\t\t\t\t\t\t<div class=\"elementor-widget-wrap\">\n\t\t\t\t\t\t<div class=\"elementor-element elementor-element-a2af1a3 elementor-widget elementor-widget-stal_core_icon_with_text\" data-id=\"a2af1a3\" data-element_type=\"widget\" data-widget_type=\"stal_core_icon_with_text.default\">\n\t\t\t\t<div class=\"elementor-widget-container\">\n\t\t\t<div class=\"qodef-shortcode qodef-m  qodef-icon-with-text qodef-layout--top  qodef--icon-pack qodef-appear-animation--enabled qodef-alignment--center\" >\n\t<div class=\"qodef-m-icon-wrapper\">\n\t\t<span class=\"qodef-shortcode qodef-m  qodef-icon-holder qodef-size--small qodef-layout--normal\" data-hover-color=\"#C31824\" >\t\t\t<a itemprop=\"url\" href=\"https:\/\/epaper.hirsch-porozell.at\/index.php\/anwendungen\/\" target=\"_self\">            <span class=\"qodef-icon-font-awesome fa fa-user qodef-icon qodef-e\" style=\"color: #FFFFFF\" ><\/span>            <\/a>\t<\/span>\t<\/div>\n\t<div class=\"qodef-m-content\">\n\t\t\t<h4 class=\"qodef-m-title\" >\n\t\t\t\t\t<a itemprop=\"url\" href=\"https:\/\/epaper.hirsch-porozell.at\/index.php\/anwendungen\/\" target=\"_self\">\n\t\t\t\t\t<span class=\"qodef-m-title-text\">Anwendungen<\/span>\n\t\t\t\t\t<\/a>\n\t\t\t<\/h4>\n\t\t\t<\/div>\n<\/div>\t\t<\/div>\n\t\t\t\t<\/div>\n\t\t\t\t\t\t<\/div>\n\t\t\t\t\t<\/div>\n\t\t<\/div>\n\t\t\t\t<div class=\"elementor-column elementor-col-20 elementor-top-column elementor-element elementor-element-ca1e883 elementor-hidden-desktop elementor-hidden-tablet elementor-hidden-phone\" data-id=\"ca1e883\" data-element_type=\"column\" data-settings=\"{&quot;background_background&quot;:&quot;classic&quot;}\">\n\t\t\t<div class=\"elementor-column-wrap elementor-element-populated\">\n\t\t\t\t\t\t\t<div class=\"elementor-widget-wrap\">\n\t\t\t\t\t\t<div class=\"elementor-element elementor-element-32e5e6b elementor-widget elementor-widget-stal_core_icon_with_text\" data-id=\"32e5e6b\" data-element_type=\"widget\" data-widget_type=\"stal_core_icon_with_text.default\">\n\t\t\t\t<div class=\"elementor-widget-container\">\n\t\t\t<div class=\"qodef-shortcode qodef-m  qodef-icon-with-text qodef-layout--top  qodef--icon-pack qodef-appear-animation--enabled qodef-alignment--center\" >\n\t<div class=\"qodef-m-icon-wrapper\">\n\t\t<span class=\"qodef-shortcode qodef-m  qodef-icon-holder qodef-size--small qodef-layout--normal\" data-hover-color=\"#C31824\" >\t\t\t<a itemprop=\"url\" href=\"https:\/\/epaper.hirsch-porozell.at\/wp-content\/uploads\/2020\/12\/TZeco400speed-Datenblatt_A4-2020_FIN21.pdf\" target=\"_blank\">            <span class=\"qodef-icon-font-awesome fa fa-search qodef-icon qodef-e\" style=\"color: #FFFFFF\" ><\/span>            <\/a>\t<\/span>\t<\/div>\n\t<div class=\"qodef-m-content\">\n\t\t\t<h4 class=\"qodef-m-title\" >\n\t\t\t\t\t<a itemprop=\"url\" href=\"https:\/\/epaper.hirsch-porozell.at\/wp-content\/uploads\/2020\/12\/TZeco400speed-Datenblatt_A4-2020_FIN21.pdf\" target=\"_blank\">\n\t\t\t\t\t<span class=\"qodef-m-title-text\">Daten<\/span>\n\t\t\t\t\t<\/a>\n\t\t\t<\/h4>\n\t\t\t<\/div>\n<\/div>\t\t<\/div>\n\t\t\t\t<\/div>\n\t\t\t\t\t\t<\/div>\n\t\t\t\t\t<\/div>\n\t\t<\/div>\n\t\t\t\t<div class=\"elementor-column elementor-col-20 elementor-top-column elementor-element elementor-element-a31c32b elementor-hidden-desktop elementor-hidden-tablet elementor-hidden-phone\" data-id=\"a31c32b\" data-element_type=\"column\" data-settings=\"{&quot;background_background&quot;:&quot;classic&quot;}\">\n\t\t\t<div class=\"elementor-column-wrap elementor-element-populated\">\n\t\t\t\t\t\t\t<div class=\"elementor-widget-wrap\">\n\t\t\t\t\t\t<div class=\"elementor-element elementor-element-74f98fc elementor-widget elementor-widget-stal_core_icon_with_text\" data-id=\"74f98fc\" data-element_type=\"widget\" data-widget_type=\"stal_core_icon_with_text.default\">\n\t\t\t\t<div class=\"elementor-widget-container\">\n\t\t\t<div class=\"qodef-shortcode qodef-m  qodef-icon-with-text qodef-layout--top  qodef--icon-pack qodef-appear-animation--enabled qodef-alignment--center\" >\n\t<div class=\"qodef-m-icon-wrapper\">\n\t\t<span class=\"qodef-shortcode qodef-m  qodef-icon-holder qodef-size--small qodef-layout--normal\" data-hover-color=\"#C31824\" >\t\t\t<a itemprop=\"url\" href=\"https:\/\/epaper.hirsch-porozell.at\/wp-content\/uploads\/2020\/12\/TZeco-PreislisteOesterreich_A4-202015.pdf\" target=\"_blank\">            <span class=\"qodef-icon-font-awesome fa fa-euro-sign qodef-icon qodef-e\" style=\"color: #FFFFFF\" ><\/span>            <\/a>\t<\/span>\t<\/div>\n\t<div class=\"qodef-m-content\">\n\t\t\t<h4 class=\"qodef-m-title\" >\n\t\t\t\t\t<a itemprop=\"url\" href=\"https:\/\/epaper.hirsch-porozell.at\/wp-content\/uploads\/2020\/12\/TZeco-PreislisteOesterreich_A4-202015.pdf\" target=\"_blank\">\n\t\t\t\t\t<span class=\"qodef-m-title-text\">Preise<\/span>\n\t\t\t\t\t<\/a>\n\t\t\t<\/h4>\n\t\t\t<\/div>\n<\/div>\t\t<\/div>\n\t\t\t\t<\/div>\n\t\t\t\t\t\t<\/div>\n\t\t\t\t\t<\/div>\n\t\t<\/div>\n\t\t\t\t\t\t\t\t<\/div>\n\t\t\t\t\t<\/div>\n\t\t<\/section>\n\t\t\t\t<section class=\"elementor-section elementor-top-section elementor-element elementor-element-00858df elementor-section-boxed elementor-section-height-default elementor-section-height-default qodef-elementor-content-no\" data-id=\"00858df\" data-element_type=\"section\" data-settings=\"{&quot;background_background&quot;:&quot;classic&quot;}\">\n\t\t\t\t\t\t<div class=\"elementor-container elementor-column-gap-no\">\n\t\t\t\t\t\t\t<div class=\"elementor-row\">\n\t\t\t\t\t<div class=\"elementor-column elementor-col-100 elementor-top-column elementor-element elementor-element-8b296e0\" data-id=\"8b296e0\" data-element_type=\"column\">\n\t\t\t<div class=\"elementor-column-wrap elementor-element-populated\">\n\t\t\t\t\t\t\t<div class=\"elementor-widget-wrap\">\n\t\t\t\t\t\t<div class=\"elementor-element elementor-element-e18392d elementor-widget elementor-widget-heading\" data-id=\"e18392d\" data-element_type=\"widget\" data-widget_type=\"heading.default\">\n\t\t\t\t<div class=\"elementor-widget-container\">\n\t\t\t<h2 class=\"elementor-heading-title elementor-size-default\">EPS-W 20<\/h2>\t\t<\/div>\n\t\t\t\t<\/div>\n\t\t\t\t<div class=\"elementor-element elementor-element-b669b7b elementor-widget elementor-widget-text-editor\" data-id=\"b669b7b\" data-element_type=\"widget\" data-widget_type=\"text-editor.default\">\n\t\t\t\t<div class=\"elementor-widget-container\">\n\t\t\t\t\t\t\t\t<div class=\"elementor-text-editor elementor-clearfix\">\n\t\t\t\t<p>Druckbelastbare W\u00e4rmed\u00e4mmplatte aus expandiertem Polystyrolhartschaumstoff<\/p>\t\t\t\t\t<\/div>\n\t\t\t\t\t\t<\/div>\n\t\t\t\t<\/div>\n\t\t\t\t<section class=\"elementor-section elementor-inner-section elementor-element elementor-element-b27c9fc elementor-section-full_width elementor-section-height-default elementor-section-height-default qodef-elementor-content-no\" data-id=\"b27c9fc\" data-element_type=\"section\">\n\t\t\t\t\t\t<div class=\"elementor-container elementor-column-gap-default\">\n\t\t\t\t\t\t\t<div class=\"elementor-row\">\n\t\t\t\t\t<div class=\"elementor-column elementor-col-25 elementor-inner-column elementor-element elementor-element-fa5203f\" data-id=\"fa5203f\" data-element_type=\"column\">\n\t\t\t<div class=\"elementor-column-wrap elementor-element-populated\">\n\t\t\t\t\t\t\t<div class=\"elementor-widget-wrap\">\n\t\t\t\t\t\t<div class=\"elementor-element elementor-element-de8fc72 elementor-widget elementor-widget-text-editor\" data-id=\"de8fc72\" data-element_type=\"widget\" data-widget_type=\"text-editor.default\">\n\t\t\t\t<div class=\"elementor-widget-container\">\n\t\t\t\t\t\t\t\t<div class=\"elementor-text-editor elementor-clearfix\">\n\t\t\t\t<p><strong>Anwendungsbereiche:<\/strong><\/p><p>Unter Estrich, unter Bodenheizung, K\u00fchlr\u00e4ume, Dachbodenausbau<\/p>\t\t\t\t\t<\/div>\n\t\t\t\t\t\t<\/div>\n\t\t\t\t<\/div>\n\t\t\t\t\t\t<\/div>\n\t\t\t\t\t<\/div>\n\t\t<\/div>\n\t\t\t\t<div class=\"elementor-column elementor-col-25 elementor-inner-column elementor-element elementor-element-4f4b9ad\" data-id=\"4f4b9ad\" data-element_type=\"column\">\n\t\t\t<div class=\"elementor-column-wrap elementor-element-populated\">\n\t\t\t\t\t\t\t<div class=\"elementor-widget-wrap\">\n\t\t\t\t\t\t<div class=\"elementor-element elementor-element-79ed97d elementor-widget elementor-widget-text-editor\" data-id=\"79ed97d\" data-element_type=\"widget\" data-widget_type=\"text-editor.default\">\n\t\t\t\t<div class=\"elementor-widget-container\">\n\t\t\t\t\t\t\t\t<div class=\"elementor-text-editor elementor-clearfix\">\n\t\t\t\t<p><span style=\"font-weight: bolder;\">Produktart:<\/span><\/p><p style=\"background-color: #ffffff;\">EPS-W 20 wei\u00df gem\u00e4\u00df \u00d6NORM B 6000<\/p>\t\t\t\t\t<\/div>\n\t\t\t\t\t\t<\/div>\n\t\t\t\t<\/div>\n\t\t\t\t\t\t<\/div>\n\t\t\t\t\t<\/div>\n\t\t<\/div>\n\t\t\t\t<div class=\"elementor-column elementor-col-25 elementor-inner-column elementor-element elementor-element-6d79b8b\" data-id=\"6d79b8b\" data-element_type=\"column\">\n\t\t\t<div class=\"elementor-column-wrap elementor-element-populated\">\n\t\t\t\t\t\t\t<div class=\"elementor-widget-wrap\">\n\t\t\t\t\t\t<div class=\"elementor-element elementor-element-c380f3a elementor-widget elementor-widget-text-editor\" data-id=\"c380f3a\" data-element_type=\"widget\" data-widget_type=\"text-editor.default\">\n\t\t\t\t<div class=\"elementor-widget-container\">\n\t\t\t\t\t\t\t\t<div class=\"elementor-text-editor elementor-clearfix\">\n\t\t\t\t<p><strong>Plattenformate:<\/strong><\/p><p>500 x 1000 mm <br \/>1000 x 1000 mm<\/p>\t\t\t\t\t<\/div>\n\t\t\t\t\t\t<\/div>\n\t\t\t\t<\/div>\n\t\t\t\t\t\t<\/div>\n\t\t\t\t\t<\/div>\n\t\t<\/div>\n\t\t\t\t<div class=\"elementor-column elementor-col-25 elementor-inner-column elementor-element elementor-element-3367ef3\" data-id=\"3367ef3\" data-element_type=\"column\">\n\t\t\t<div class=\"elementor-column-wrap elementor-element-populated\">\n\t\t\t\t\t\t\t<div class=\"elementor-widget-wrap\">\n\t\t\t\t\t\t<div class=\"elementor-element elementor-element-c2b5c66 elementor-widget elementor-widget-text-editor\" data-id=\"c2b5c66\" data-element_type=\"widget\" data-widget_type=\"text-editor.default\">\n\t\t\t\t<div class=\"elementor-widget-container\">\n\t\t\t\t\t\t\t\t<div class=\"elementor-text-editor elementor-clearfix\">\n\t\t\t\t<p><strong>Lieferdicke:<\/strong><br \/>10 \u2013 320 mm<\/p>\t\t\t\t\t<\/div>\n\t\t\t\t\t\t<\/div>\n\t\t\t\t<\/div>\n\t\t\t\t\t\t<\/div>\n\t\t\t\t\t<\/div>\n\t\t<\/div>\n\t\t\t\t\t\t\t\t<\/div>\n\t\t\t\t\t<\/div>\n\t\t<\/section>\n\t\t\t\t<section class=\"elementor-section elementor-inner-section elementor-element elementor-element-673b592 elementor-section-full_width elementor-section-height-default elementor-section-height-default qodef-elementor-content-no\" data-id=\"673b592\" data-element_type=\"section\">\n\t\t\t\t\t\t<div class=\"elementor-container elementor-column-gap-default\">\n\t\t\t\t\t\t\t<div class=\"elementor-row\">\n\t\t\t\t\t<div class=\"elementor-column elementor-col-33 elementor-inner-column elementor-element elementor-element-15dfa96\" data-id=\"15dfa96\" data-element_type=\"column\" data-settings=\"{&quot;background_background&quot;:&quot;classic&quot;}\">\n\t\t\t<div class=\"elementor-column-wrap elementor-element-populated\">\n\t\t\t\t\t\t\t<div class=\"elementor-widget-wrap\">\n\t\t\t\t\t\t<div class=\"elementor-element elementor-element-1bf39ed elementor-widget elementor-widget-stal_core_icon_with_text\" data-id=\"1bf39ed\" data-element_type=\"widget\" data-widget_type=\"stal_core_icon_with_text.default\">\n\t\t\t\t<div class=\"elementor-widget-container\">\n\t\t\t<div class=\"qodef-shortcode qodef-m  qodef-icon-with-text qodef-layout--top  qodef--icon-pack qodef-appear-animation--enabled qodef-alignment--center\" >\n\t<div class=\"qodef-m-icon-wrapper\">\n\t\t<span class=\"qodef-shortcode qodef-m  qodef-icon-holder qodef-size--small qodef-layout--normal\" data-hover-color=\"#C31824\" >\t\t\t<a itemprop=\"url\" href=\"https:\/\/epaper.hirsch-porozell.at\/index.php\/produkte\/produktubersicht-boden\/produktubersicht-eps-w\/wps-w-20\/eps-w-20-technische-daten\/\" target=\"_self\">            <span class=\"qodef-icon-font-awesome fa fa-plus-circle qodef-icon qodef-e\" style=\"color: #FFFFFF\" ><\/span>            <\/a>\t<\/span>\t<\/div>\n\t<div class=\"qodef-m-content\">\n\t\t\t<h4 class=\"qodef-m-title\" >\n\t\t\t\t\t<a itemprop=\"url\" href=\"https:\/\/epaper.hirsch-porozell.at\/index.php\/produkte\/produktubersicht-boden\/produktubersicht-eps-w\/wps-w-20\/eps-w-20-technische-daten\/\" target=\"_self\">\n\t\t\t\t\t<span class=\"qodef-m-title-text\">Details<\/span>\n\t\t\t\t\t<\/a>\n\t\t\t<\/h4>\n\t\t\t<\/div>\n<\/div>\t\t<\/div>\n\t\t\t\t<\/div>\n\t\t\t\t\t\t<\/div>\n\t\t\t\t\t<\/div>\n\t\t<\/div>\n\t\t\t\t<div class=\"elementor-column elementor-col-33 elementor-inner-column elementor-element elementor-element-70b8d8f\" data-id=\"70b8d8f\" data-element_type=\"column\" data-settings=\"{&quot;background_background&quot;:&quot;classic&quot;}\">\n\t\t\t<div class=\"elementor-column-wrap elementor-element-populated\">\n\t\t\t\t\t\t\t<div class=\"elementor-widget-wrap\">\n\t\t\t\t\t\t<div class=\"elementor-element elementor-element-2647f29 elementor-widget elementor-widget-stal_core_icon_with_text\" data-id=\"2647f29\" data-element_type=\"widget\" data-widget_type=\"stal_core_icon_with_text.default\">\n\t\t\t\t<div class=\"elementor-widget-container\">\n\t\t\t<div class=\"qodef-shortcode qodef-m  qodef-icon-with-text qodef-layout--top  qodef--icon-pack qodef-appear-animation--enabled qodef-alignment--center\" >\n\t<div class=\"qodef-m-icon-wrapper\">\n\t\t<span class=\"qodef-shortcode qodef-m  qodef-icon-holder qodef-size--small qodef-layout--normal\" data-hover-color=\"#C31824\" >\t\t\t<a itemprop=\"url\" href=\"https:\/\/epaper.hirsch-porozell.at\/index.php\/anwendungen\/\" target=\"_self\">            <span class=\"qodef-icon-font-awesome fa fa-user qodef-icon qodef-e\" style=\"color: #FFFFFF\" ><\/span>            <\/a>\t<\/span>\t<\/div>\n\t<div class=\"qodef-m-content\">\n\t\t\t<h4 class=\"qodef-m-title\" >\n\t\t\t\t\t<a itemprop=\"url\" href=\"https:\/\/epaper.hirsch-porozell.at\/index.php\/anwendungen\/\" target=\"_self\">\n\t\t\t\t\t<span class=\"qodef-m-title-text\">Anwendungen<\/span>\n\t\t\t\t\t<\/a>\n\t\t\t<\/h4>\n\t\t\t<\/div>\n<\/div>\t\t<\/div>\n\t\t\t\t<\/div>\n\t\t\t\t\t\t<\/div>\n\t\t\t\t\t<\/div>\n\t\t<\/div>\n\t\t\t\t<div class=\"elementor-column elementor-col-33 elementor-inner-column elementor-element elementor-element-7a1ed25\" data-id=\"7a1ed25\" data-element_type=\"column\" data-settings=\"{&quot;background_background&quot;:&quot;classic&quot;}\">\n\t\t\t<div class=\"elementor-column-wrap elementor-element-populated\">\n\t\t\t\t\t\t\t<div class=\"elementor-widget-wrap\">\n\t\t\t\t\t\t<div class=\"elementor-element elementor-element-1850fa8 elementor-widget elementor-widget-stal_core_icon_with_text\" data-id=\"1850fa8\" data-element_type=\"widget\" data-widget_type=\"stal_core_icon_with_text.default\">\n\t\t\t\t<div class=\"elementor-widget-container\">\n\t\t\t<div class=\"qodef-shortcode qodef-m  qodef-icon-with-text qodef-layout--top  qodef--icon-pack qodef-appear-animation--enabled qodef-alignment--center\" >\n\t<div class=\"qodef-m-icon-wrapper\">\n\t\t<span class=\"qodef-shortcode qodef-m  qodef-icon-holder qodef-size--small qodef-layout--normal\" data-hover-color=\"#C31824\" >\t\t\t<a itemprop=\"url\" href=\"https:\/\/epaper.hirsch-porozell.at\/wp-content\/uploads\/2025\/02\/Technisches-Datenblatt_HIRSCH-EPS-W20-weis-Waermedaemmplatte-2025.pdf\" target=\"_blank\">            <span class=\"qodef-icon-font-awesome fa fa-download qodef-icon qodef-e\" style=\"color: #FFFFFF\" ><\/span>            <\/a>\t<\/span>\t<\/div>\n\t<div class=\"qodef-m-content\">\n\t\t\t<h4 class=\"qodef-m-title\" >\n\t\t\t\t\t<a itemprop=\"url\" href=\"https:\/\/epaper.hirsch-porozell.at\/wp-content\/uploads\/2025\/02\/Technisches-Datenblatt_HIRSCH-EPS-W20-weis-Waermedaemmplatte-2025.pdf\" target=\"_blank\">\n\t\t\t\t\t<span class=\"qodef-m-title-text\">Download<\/span>\n\t\t\t\t\t<\/a>\n\t\t\t<\/h4>\n\t\t\t<\/div>\n<\/div>\t\t<\/div>\n\t\t\t\t<\/div>\n\t\t\t\t\t\t<\/div>\n\t\t\t\t\t<\/div>\n\t\t<\/div>\n\t\t\t\t\t\t\t\t<\/div>\n\t\t\t\t\t<\/div>\n\t\t<\/section>\n\t\t\t\t\t\t<\/div>\n\t\t\t\t\t<\/div>\n\t\t<\/div>\n\t\t\t\t\t\t\t\t<\/div>\n\t\t\t\t\t<\/div>\n\t\t<\/section>\n\t\t\t\t\t\t\t\t\t<\/div>\n\t\t\t<\/div>\n\t\t\t\t\t<\/div>\n\t\t","protected":false},"excerpt":{"rendered":"<p>Technische Daten Eigenschaften Anwendungen Daten Preise EPS-W 20 Druckbelastbare W\u00e4rmed\u00e4mmplatte aus expandiertem Polystyrolhartschaumstoff Anwendungsbereiche: Unter Estrich, unter Bodenheizung, K\u00fchlr\u00e4ume, Dachbodenausbau Produktart: EPS-W 20 wei\u00df gem\u00e4\u00df \u00d6NORM B 6000 Plattenformate: 500 x 1000 mm 1000 x 1000 mm Lieferdicke:10 \u2013 320 mm Details Anwendungen Download<\/p>\n","protected":false},"author":1,"featured_media":0,"parent":6234,"menu_order":0,"comment_status":"closed","ping_status":"closed","template":"page-full-width.php","meta":[],"_links":{"self":[{"href":"https:\/\/epaper.hirsch-porozell.at\/index.php\/wp-json\/wp\/v2\/pages\/6504"}],"collection":[{"href":"https:\/\/epaper.hirsch-porozell.at\/index.php\/wp-json\/wp\/v2\/pages"}],"about":[{"href":"https:\/\/epaper.hirsch-porozell.at\/index.php\/wp-json\/wp\/v2\/types\/page"}],"author":[{"embeddable":true,"href":"https:\/\/epaper.hirsch-porozell.at\/index.php\/wp-json\/wp\/v2\/users\/1"}],"replies":[{"embeddable":true,"href":"https:\/\/epaper.hirsch-porozell.at\/index.php\/wp-json\/wp\/v2\/comments?post=6504"}],"version-history":[{"count":33,"href":"https:\/\/epaper.hirsch-porozell.at\/index.php\/wp-json\/wp\/v2\/pages\/6504\/revisions"}],"predecessor-version":[{"id":9478,"href":"https:\/\/epaper.hirsch-porozell.at\/index.php\/wp-json\/wp\/v2\/pages\/6504\/revisions\/9478"}],"up":[{"embeddable":true,"href":"https:\/\/epaper.hirsch-porozell.at\/index.php\/wp-json\/wp\/v2\/pages\/6234"}],"wp:attachment":[{"href":"https:\/\/epaper.hirsch-porozell.at\/index.php\/wp-json\/wp\/v2\/media?parent=6504"}],"curies":[{"name":"wp","href":"https:\/\/api.w.org\/{rel}","templated":true}]}}