{"id":6675,"date":"2022-05-17T08:07:35","date_gmt":"2022-05-17T08:07:35","guid":{"rendered":"https:\/\/epaper.hirsch-porozell.at\/?page_id=6675"},"modified":"2025-03-19T08:53:20","modified_gmt":"2025-03-19T08:53:20","slug":"eps-t650-trittschallrolle","status":"publish","type":"page","link":"https:\/\/epaper.hirsch-porozell.at\/index.php\/produkte\/produktubersicht-boden\/produktubersicht-eps-t\/eps-t650-trittschallrolle\/","title":{"rendered":"EPS-T650 Trittschallrolle"},"content":{"rendered":"\t\t<div data-elementor-type=\"wp-page\" data-elementor-id=\"6675\" class=\"elementor elementor-6675\">\n\t\t\t\t\t\t<div class=\"elementor-inner\">\n\t\t\t\t<div class=\"elementor-section-wrap\">\n\t\t\t\t\t\t\t\t\t<section class=\"elementor-section elementor-top-section elementor-element elementor-element-a83aed3 elementor-section-full_width elementor-section-height-default elementor-section-height-default qodef-elementor-content-no\" data-id=\"a83aed3\" data-element_type=\"section\">\n\t\t\t\t\t\t<div class=\"elementor-container elementor-column-gap-default\">\n\t\t\t\t\t\t\t<div class=\"elementor-row\">\n\t\t\t\t\t<div class=\"elementor-column elementor-col-100 elementor-top-column elementor-element elementor-element-7814a11\" data-id=\"7814a11\" data-element_type=\"column\">\n\t\t\t<div class=\"elementor-column-wrap\">\n\t\t\t\t\t\t\t<div class=\"elementor-widget-wrap\">\n\t\t\t\t\t\t\t\t<\/div>\n\t\t\t\t\t<\/div>\n\t\t<\/div>\n\t\t\t\t\t\t\t\t<\/div>\n\t\t\t\t\t<\/div>\n\t\t<\/section>\n\t\t\t\t<section class=\"elementor-section elementor-top-section elementor-element elementor-element-619293f qodef-elementor-content-grid elementor-section-height-full elementor-section-items-bottom elementor-section-boxed elementor-section-height-default\" data-id=\"619293f\" data-element_type=\"section\" data-settings=\"{&quot;background_background&quot;:&quot;classic&quot;,&quot;animation&quot;:&quot;none&quot;}\">\n\t\t\t\t\t\t\t<div class=\"elementor-background-overlay\"><\/div>\n\t\t\t\t\t\t\t<div class=\"elementor-container elementor-column-gap-no\">\n\t\t\t\t\t\t\t<div class=\"elementor-row\">\n\t\t\t\t\t<div class=\"elementor-column elementor-col-20 elementor-top-column elementor-element elementor-element-cd29be9 elementor-hidden-desktop elementor-hidden-tablet elementor-hidden-phone\" data-id=\"cd29be9\" data-element_type=\"column\" data-settings=\"{&quot;background_background&quot;:&quot;classic&quot;}\">\n\t\t\t<div class=\"elementor-column-wrap elementor-element-populated\">\n\t\t\t\t\t\t\t<div class=\"elementor-widget-wrap\">\n\t\t\t\t\t\t<div class=\"elementor-element elementor-element-e5e89e9 elementor-widget elementor-widget-stal_core_icon_with_text\" data-id=\"e5e89e9\" data-element_type=\"widget\" data-widget_type=\"stal_core_icon_with_text.default\">\n\t\t\t\t<div class=\"elementor-widget-container\">\n\t\t\t<div class=\"qodef-shortcode qodef-m  qodef-icon-with-text qodef-layout--top  qodef--icon-pack qodef-appear-animation--enabled qodef-alignment--center\" >\n\t<div class=\"qodef-m-icon-wrapper\">\n\t\t<span class=\"qodef-shortcode qodef-m  qodef-icon-holder qodef-size--small qodef-layout--normal\" data-hover-color=\"#C31824\" >\t\t\t<a itemprop=\"url\" href=\"https:\/\/epaper.hirsch-porozell.at\/index.php\/produkte\/produktubersicht-boden\/produktubersicht-eps-t\/eps-t1000-trittschallplatte\/eps-t1000-trittschallplatte-technische-daten\/\" target=\"_self\">            <span class=\"qodef-icon-font-awesome fa fa-plus-circle qodef-icon qodef-e\" style=\"color: #FFFFFF\" ><\/span>            <\/a>\t<\/span>\t<\/div>\n\t<div class=\"qodef-m-content\">\n\t\t\t<h4 class=\"qodef-m-title\" >\n\t\t\t\t\t<a itemprop=\"url\" href=\"https:\/\/epaper.hirsch-porozell.at\/index.php\/produkte\/produktubersicht-boden\/produktubersicht-eps-t\/eps-t1000-trittschallplatte\/eps-t1000-trittschallplatte-technische-daten\/\" target=\"_self\">\n\t\t\t\t\t<span class=\"qodef-m-title-text\">Technische Daten<\/span>\n\t\t\t\t\t<\/a>\n\t\t\t<\/h4>\n\t\t\t<\/div>\n<\/div>\t\t<\/div>\n\t\t\t\t<\/div>\n\t\t\t\t\t\t<\/div>\n\t\t\t\t\t<\/div>\n\t\t<\/div>\n\t\t\t\t<div class=\"elementor-column elementor-col-20 elementor-top-column elementor-element elementor-element-8850094 elementor-hidden-desktop elementor-hidden-tablet elementor-hidden-phone\" data-id=\"8850094\" data-element_type=\"column\" data-settings=\"{&quot;background_background&quot;:&quot;classic&quot;}\">\n\t\t\t<div class=\"elementor-column-wrap elementor-element-populated\">\n\t\t\t\t\t\t\t<div class=\"elementor-widget-wrap\">\n\t\t\t\t\t\t<div class=\"elementor-element elementor-element-91cc33f elementor-widget elementor-widget-stal_core_icon_with_text\" data-id=\"91cc33f\" data-element_type=\"widget\" data-widget_type=\"stal_core_icon_with_text.default\">\n\t\t\t\t<div class=\"elementor-widget-container\">\n\t\t\t<div class=\"qodef-shortcode qodef-m  qodef-icon-with-text qodef-layout--top  qodef--icon-pack qodef-appear-animation--enabled qodef-alignment--center\" >\n\t<div class=\"qodef-m-icon-wrapper\">\n\t\t<span class=\"qodef-shortcode qodef-m  qodef-icon-holder qodef-size--small qodef-layout--normal\" data-hover-color=\"#C31824\" >\t\t\t<a itemprop=\"url\" href=\"https:\/\/epaper.hirsch-porozell.at\/index.php\/eigenschaften\/\" target=\"_self\">            <span class=\"qodef-icon-font-awesome fa fa-cogs qodef-icon qodef-e\" style=\"color: #FFFFFF\" ><\/span>            <\/a>\t<\/span>\t<\/div>\n\t<div class=\"qodef-m-content\">\n\t\t\t<h4 class=\"qodef-m-title\" >\n\t\t\t\t\t<a itemprop=\"url\" href=\"https:\/\/epaper.hirsch-porozell.at\/index.php\/eigenschaften\/\" target=\"_self\">\n\t\t\t\t\t<span class=\"qodef-m-title-text\">Eigenschaften<\/span>\n\t\t\t\t\t<\/a>\n\t\t\t<\/h4>\n\t\t\t<\/div>\n<\/div>\t\t<\/div>\n\t\t\t\t<\/div>\n\t\t\t\t\t\t<\/div>\n\t\t\t\t\t<\/div>\n\t\t<\/div>\n\t\t\t\t<div class=\"elementor-column elementor-col-20 elementor-top-column elementor-element elementor-element-9c8fcb0 elementor-hidden-desktop elementor-hidden-tablet elementor-hidden-phone\" data-id=\"9c8fcb0\" data-element_type=\"column\" data-settings=\"{&quot;background_background&quot;:&quot;classic&quot;}\">\n\t\t\t<div class=\"elementor-column-wrap elementor-element-populated\">\n\t\t\t\t\t\t\t<div class=\"elementor-widget-wrap\">\n\t\t\t\t\t\t<div class=\"elementor-element elementor-element-c3fc359 elementor-widget elementor-widget-stal_core_icon_with_text\" data-id=\"c3fc359\" data-element_type=\"widget\" data-widget_type=\"stal_core_icon_with_text.default\">\n\t\t\t\t<div class=\"elementor-widget-container\">\n\t\t\t<div class=\"qodef-shortcode qodef-m  qodef-icon-with-text qodef-layout--top  qodef--icon-pack qodef-appear-animation--enabled qodef-alignment--center\" >\n\t<div class=\"qodef-m-icon-wrapper\">\n\t\t<span class=\"qodef-shortcode qodef-m  qodef-icon-holder qodef-size--small qodef-layout--normal\" data-hover-color=\"#C31824\" >\t\t\t<a itemprop=\"url\" href=\"https:\/\/epaper.hirsch-porozell.at\/index.php\/anwendungen\/\" target=\"_self\">            <span class=\"qodef-icon-font-awesome fa fa-user qodef-icon qodef-e\" style=\"color: #FFFFFF\" ><\/span>            <\/a>\t<\/span>\t<\/div>\n\t<div class=\"qodef-m-content\">\n\t\t\t<h4 class=\"qodef-m-title\" >\n\t\t\t\t\t<a itemprop=\"url\" href=\"https:\/\/epaper.hirsch-porozell.at\/index.php\/anwendungen\/\" target=\"_self\">\n\t\t\t\t\t<span class=\"qodef-m-title-text\">Anwendungen<\/span>\n\t\t\t\t\t<\/a>\n\t\t\t<\/h4>\n\t\t\t<\/div>\n<\/div>\t\t<\/div>\n\t\t\t\t<\/div>\n\t\t\t\t\t\t<\/div>\n\t\t\t\t\t<\/div>\n\t\t<\/div>\n\t\t\t\t<div class=\"elementor-column elementor-col-20 elementor-top-column elementor-element elementor-element-180aa68 elementor-hidden-desktop elementor-hidden-tablet elementor-hidden-phone\" data-id=\"180aa68\" data-element_type=\"column\" data-settings=\"{&quot;background_background&quot;:&quot;classic&quot;}\">\n\t\t\t<div class=\"elementor-column-wrap elementor-element-populated\">\n\t\t\t\t\t\t\t<div class=\"elementor-widget-wrap\">\n\t\t\t\t\t\t<div class=\"elementor-element elementor-element-269d2df elementor-widget elementor-widget-stal_core_icon_with_text\" data-id=\"269d2df\" data-element_type=\"widget\" data-widget_type=\"stal_core_icon_with_text.default\">\n\t\t\t\t<div class=\"elementor-widget-container\">\n\t\t\t<div class=\"qodef-shortcode qodef-m  qodef-icon-with-text qodef-layout--top  qodef--icon-pack qodef-appear-animation--enabled qodef-alignment--center\" >\n\t<div class=\"qodef-m-icon-wrapper\">\n\t\t<span class=\"qodef-shortcode qodef-m  qodef-icon-holder qodef-size--small qodef-layout--normal\" data-hover-color=\"#C31824\" >\t\t\t<a itemprop=\"url\" href=\"https:\/\/epaper.hirsch-porozell.at\/wp-content\/uploads\/2020\/12\/TZeco400speed-Datenblatt_A4-2020_FIN21.pdf\" target=\"_blank\">            <span class=\"qodef-icon-font-awesome fa fa-search qodef-icon qodef-e\" style=\"color: #FFFFFF\" ><\/span>            <\/a>\t<\/span>\t<\/div>\n\t<div class=\"qodef-m-content\">\n\t\t\t<h4 class=\"qodef-m-title\" >\n\t\t\t\t\t<a itemprop=\"url\" href=\"https:\/\/epaper.hirsch-porozell.at\/wp-content\/uploads\/2020\/12\/TZeco400speed-Datenblatt_A4-2020_FIN21.pdf\" target=\"_blank\">\n\t\t\t\t\t<span class=\"qodef-m-title-text\">Daten<\/span>\n\t\t\t\t\t<\/a>\n\t\t\t<\/h4>\n\t\t\t<\/div>\n<\/div>\t\t<\/div>\n\t\t\t\t<\/div>\n\t\t\t\t\t\t<\/div>\n\t\t\t\t\t<\/div>\n\t\t<\/div>\n\t\t\t\t<div class=\"elementor-column elementor-col-20 elementor-top-column elementor-element elementor-element-7150d89 elementor-hidden-desktop elementor-hidden-tablet elementor-hidden-phone\" data-id=\"7150d89\" data-element_type=\"column\" data-settings=\"{&quot;background_background&quot;:&quot;classic&quot;}\">\n\t\t\t<div class=\"elementor-column-wrap elementor-element-populated\">\n\t\t\t\t\t\t\t<div class=\"elementor-widget-wrap\">\n\t\t\t\t\t\t<div class=\"elementor-element elementor-element-b37c3dc elementor-widget elementor-widget-stal_core_icon_with_text\" data-id=\"b37c3dc\" data-element_type=\"widget\" data-widget_type=\"stal_core_icon_with_text.default\">\n\t\t\t\t<div class=\"elementor-widget-container\">\n\t\t\t<div class=\"qodef-shortcode qodef-m  qodef-icon-with-text qodef-layout--top  qodef--icon-pack qodef-appear-animation--enabled qodef-alignment--center\" >\n\t<div class=\"qodef-m-icon-wrapper\">\n\t\t<span class=\"qodef-shortcode qodef-m  qodef-icon-holder qodef-size--small qodef-layout--normal\" data-hover-color=\"#C31824\" >\t\t\t<a itemprop=\"url\" href=\"https:\/\/epaper.hirsch-porozell.at\/wp-content\/uploads\/2020\/12\/TZeco-PreislisteOesterreich_A4-202015.pdf\" target=\"_blank\">            <span class=\"qodef-icon-font-awesome fa fa-euro-sign qodef-icon qodef-e\" style=\"color: #FFFFFF\" ><\/span>            <\/a>\t<\/span>\t<\/div>\n\t<div class=\"qodef-m-content\">\n\t\t\t<h4 class=\"qodef-m-title\" >\n\t\t\t\t\t<a itemprop=\"url\" href=\"https:\/\/epaper.hirsch-porozell.at\/wp-content\/uploads\/2020\/12\/TZeco-PreislisteOesterreich_A4-202015.pdf\" target=\"_blank\">\n\t\t\t\t\t<span class=\"qodef-m-title-text\">Preise<\/span>\n\t\t\t\t\t<\/a>\n\t\t\t<\/h4>\n\t\t\t<\/div>\n<\/div>\t\t<\/div>\n\t\t\t\t<\/div>\n\t\t\t\t\t\t<\/div>\n\t\t\t\t\t<\/div>\n\t\t<\/div>\n\t\t\t\t\t\t\t\t<\/div>\n\t\t\t\t\t<\/div>\n\t\t<\/section>\n\t\t\t\t<section class=\"elementor-section elementor-top-section elementor-element elementor-element-4105615 elementor-section-boxed elementor-section-height-default elementor-section-height-default qodef-elementor-content-no\" data-id=\"4105615\" data-element_type=\"section\" data-settings=\"{&quot;background_background&quot;:&quot;classic&quot;}\">\n\t\t\t\t\t\t<div class=\"elementor-container elementor-column-gap-no\">\n\t\t\t\t\t\t\t<div class=\"elementor-row\">\n\t\t\t\t\t<div class=\"elementor-column elementor-col-100 elementor-top-column elementor-element elementor-element-4d60c2a\" data-id=\"4d60c2a\" data-element_type=\"column\">\n\t\t\t<div class=\"elementor-column-wrap elementor-element-populated\">\n\t\t\t\t\t\t\t<div class=\"elementor-widget-wrap\">\n\t\t\t\t\t\t<div class=\"elementor-element elementor-element-52daccb elementor-widget elementor-widget-heading\" data-id=\"52daccb\" data-element_type=\"widget\" data-widget_type=\"heading.default\">\n\t\t\t\t<div class=\"elementor-widget-container\">\n\t\t\t<h2 class=\"elementor-heading-title elementor-size-default\">EPS-T650 Trittschallrolle<\/h2>\t\t<\/div>\n\t\t\t\t<\/div>\n\t\t\t\t<div class=\"elementor-element elementor-element-273b5e7 elementor-widget elementor-widget-text-editor\" data-id=\"273b5e7\" data-element_type=\"widget\" data-widget_type=\"text-editor.default\">\n\t\t\t\t<div class=\"elementor-widget-container\">\n\t\t\t\t\t\t\t\t<div class=\"elementor-text-editor elementor-clearfix\">\n\t\t\t\t<p>Trittschallrolle aus expandiertem Polystyrolhartschaumstoff f\u00fcr Gesamtbelastungen bis 650 kg\/m\u00b2<\/p><p>\u00a0<\/p><p class=\"p2\"><span class=\"s2\"><b>Vorteile: <\/b><\/span><\/p><p class=\"p2\">-Hochrei\u00dffeste Gewebefolie mit 5 cmRasteraufdruck als Verlegehilfe<\/p><p class=\"p2\">-freie, flexible Rohrverlegung<\/p><p class=\"p3\">\u2013 Folien\u00fcberlappung mit Klebestreifen<\/p><p class=\"p3\">\u2013 schnelle und einfache Verlegung<\/p><p class=\"p3\">\u2013 f\u00fcr Zement und Flie\u00dfestriche geeignet<\/p>\t\t\t\t\t<\/div>\n\t\t\t\t\t\t<\/div>\n\t\t\t\t<\/div>\n\t\t\t\t<section class=\"elementor-section elementor-inner-section elementor-element elementor-element-435d386 elementor-section-full_width elementor-section-height-default elementor-section-height-default qodef-elementor-content-no\" data-id=\"435d386\" data-element_type=\"section\">\n\t\t\t\t\t\t<div class=\"elementor-container elementor-column-gap-default\">\n\t\t\t\t\t\t\t<div class=\"elementor-row\">\n\t\t\t\t\t<div class=\"elementor-column elementor-col-25 elementor-inner-column elementor-element elementor-element-f609f32\" data-id=\"f609f32\" data-element_type=\"column\">\n\t\t\t<div class=\"elementor-column-wrap elementor-element-populated\">\n\t\t\t\t\t\t\t<div class=\"elementor-widget-wrap\">\n\t\t\t\t\t\t<div class=\"elementor-element elementor-element-0413af6 elementor-widget elementor-widget-text-editor\" data-id=\"0413af6\" data-element_type=\"widget\" data-widget_type=\"text-editor.default\">\n\t\t\t\t<div class=\"elementor-widget-container\">\n\t\t\t\t\t\t\t\t<div class=\"elementor-text-editor elementor-clearfix\">\n\t\t\t\t<p><strong>Anwendungsbereiche:<\/strong><\/p><p>Trittschalld\u00e4mmung unter schwimmendem Estrich, Fu\u00dfbodenheizungen<\/p>\t\t\t\t\t<\/div>\n\t\t\t\t\t\t<\/div>\n\t\t\t\t<\/div>\n\t\t\t\t\t\t<\/div>\n\t\t\t\t\t<\/div>\n\t\t<\/div>\n\t\t\t\t<div class=\"elementor-column elementor-col-25 elementor-inner-column elementor-element elementor-element-3a235b9\" data-id=\"3a235b9\" data-element_type=\"column\">\n\t\t\t<div class=\"elementor-column-wrap elementor-element-populated\">\n\t\t\t\t\t\t\t<div class=\"elementor-widget-wrap\">\n\t\t\t\t\t\t<div class=\"elementor-element elementor-element-c66839f elementor-widget elementor-widget-text-editor\" data-id=\"c66839f\" data-element_type=\"widget\" data-widget_type=\"text-editor.default\">\n\t\t\t\t<div class=\"elementor-widget-container\">\n\t\t\t\t\t\t\t\t<div class=\"elementor-text-editor elementor-clearfix\">\n\t\t\t\t<p><span style=\"font-weight: bolder;\">Produktart:<\/span><\/p><p style=\"background-color: #ffffff;\">EPS-T650 gem\u00e4\u00df \u00d6NORM B 6000<\/p>\t\t\t\t\t<\/div>\n\t\t\t\t\t\t<\/div>\n\t\t\t\t<\/div>\n\t\t\t\t\t\t<\/div>\n\t\t\t\t\t<\/div>\n\t\t<\/div>\n\t\t\t\t<div class=\"elementor-column elementor-col-25 elementor-inner-column elementor-element elementor-element-a484eab\" data-id=\"a484eab\" data-element_type=\"column\">\n\t\t\t<div class=\"elementor-column-wrap elementor-element-populated\">\n\t\t\t\t\t\t\t<div class=\"elementor-widget-wrap\">\n\t\t\t\t\t\t<div class=\"elementor-element elementor-element-61f9dc0 elementor-widget elementor-widget-text-editor\" data-id=\"61f9dc0\" data-element_type=\"widget\" data-widget_type=\"text-editor.default\">\n\t\t\t\t<div class=\"elementor-widget-container\">\n\t\t\t\t\t\t\t\t<div class=\"elementor-text-editor elementor-clearfix\">\n\t\t\t\t<p><strong>Rollenformat:<\/strong><\/p><p>10000 x 1000 mm<\/p>\t\t\t\t\t<\/div>\n\t\t\t\t\t\t<\/div>\n\t\t\t\t<\/div>\n\t\t\t\t\t\t<\/div>\n\t\t\t\t\t<\/div>\n\t\t<\/div>\n\t\t\t\t<div class=\"elementor-column elementor-col-25 elementor-inner-column elementor-element elementor-element-4f1ca31\" data-id=\"4f1ca31\" data-element_type=\"column\">\n\t\t\t<div class=\"elementor-column-wrap elementor-element-populated\">\n\t\t\t\t\t\t\t<div class=\"elementor-widget-wrap\">\n\t\t\t\t\t\t<div class=\"elementor-element elementor-element-dbcf69e elementor-widget elementor-widget-text-editor\" data-id=\"dbcf69e\" data-element_type=\"widget\" data-widget_type=\"text-editor.default\">\n\t\t\t\t<div class=\"elementor-widget-container\">\n\t\t\t\t\t\t\t\t<div class=\"elementor-text-editor elementor-clearfix\">\n\t\t\t\t<p><strong>Lieferdicke:<\/strong><br \/>30 mm<\/p>\t\t\t\t\t<\/div>\n\t\t\t\t\t\t<\/div>\n\t\t\t\t<\/div>\n\t\t\t\t\t\t<\/div>\n\t\t\t\t\t<\/div>\n\t\t<\/div>\n\t\t\t\t\t\t\t\t<\/div>\n\t\t\t\t\t<\/div>\n\t\t<\/section>\n\t\t\t\t<section class=\"elementor-section elementor-inner-section elementor-element elementor-element-201e736 elementor-section-full_width elementor-section-height-default elementor-section-height-default qodef-elementor-content-no\" data-id=\"201e736\" data-element_type=\"section\">\n\t\t\t\t\t\t<div class=\"elementor-container elementor-column-gap-default\">\n\t\t\t\t\t\t\t<div class=\"elementor-row\">\n\t\t\t\t\t<div class=\"elementor-column elementor-col-33 elementor-inner-column elementor-element elementor-element-3b74838\" data-id=\"3b74838\" data-element_type=\"column\" data-settings=\"{&quot;background_background&quot;:&quot;classic&quot;}\">\n\t\t\t<div class=\"elementor-column-wrap elementor-element-populated\">\n\t\t\t\t\t\t\t<div class=\"elementor-widget-wrap\">\n\t\t\t\t\t\t<div class=\"elementor-element elementor-element-71b4aed elementor-widget elementor-widget-stal_core_icon_with_text\" data-id=\"71b4aed\" data-element_type=\"widget\" data-widget_type=\"stal_core_icon_with_text.default\">\n\t\t\t\t<div class=\"elementor-widget-container\">\n\t\t\t<div class=\"qodef-shortcode qodef-m  qodef-icon-with-text qodef-layout--top  qodef--icon-pack qodef-appear-animation--enabled qodef-alignment--center\" >\n\t<div class=\"qodef-m-icon-wrapper\">\n\t\t<span class=\"qodef-shortcode qodef-m  qodef-icon-holder qodef-size--small qodef-layout--normal\" data-hover-color=\"#C31824\" >\t\t\t<a itemprop=\"url\" href=\"https:\/\/epaper.hirsch-porozell.at\/index.php\/produkte\/produktubersicht-boden\/produktubersicht-eps-t\/eps-t650-trittschallrolle\/eps-t650-trittschallrolle-technische-daten\/\" target=\"_self\">            <span class=\"qodef-icon-font-awesome fa fa-plus-circle qodef-icon qodef-e\" style=\"color: #FFFFFF\" ><\/span>            <\/a>\t<\/span>\t<\/div>\n\t<div class=\"qodef-m-content\">\n\t\t\t<h4 class=\"qodef-m-title\" >\n\t\t\t\t\t<a itemprop=\"url\" href=\"https:\/\/epaper.hirsch-porozell.at\/index.php\/produkte\/produktubersicht-boden\/produktubersicht-eps-t\/eps-t650-trittschallrolle\/eps-t650-trittschallrolle-technische-daten\/\" target=\"_self\">\n\t\t\t\t\t<span class=\"qodef-m-title-text\">Details<\/span>\n\t\t\t\t\t<\/a>\n\t\t\t<\/h4>\n\t\t\t<\/div>\n<\/div>\t\t<\/div>\n\t\t\t\t<\/div>\n\t\t\t\t\t\t<\/div>\n\t\t\t\t\t<\/div>\n\t\t<\/div>\n\t\t\t\t<div class=\"elementor-column elementor-col-33 elementor-inner-column elementor-element elementor-element-126160b\" data-id=\"126160b\" data-element_type=\"column\" data-settings=\"{&quot;background_background&quot;:&quot;classic&quot;}\">\n\t\t\t<div class=\"elementor-column-wrap elementor-element-populated\">\n\t\t\t\t\t\t\t<div class=\"elementor-widget-wrap\">\n\t\t\t\t\t\t<div class=\"elementor-element elementor-element-71398a2 elementor-widget elementor-widget-stal_core_icon_with_text\" data-id=\"71398a2\" data-element_type=\"widget\" data-widget_type=\"stal_core_icon_with_text.default\">\n\t\t\t\t<div class=\"elementor-widget-container\">\n\t\t\t<div class=\"qodef-shortcode qodef-m  qodef-icon-with-text qodef-layout--top  qodef--icon-pack qodef-appear-animation--enabled qodef-alignment--center\" >\n\t<div class=\"qodef-m-icon-wrapper\">\n\t\t<span class=\"qodef-shortcode qodef-m  qodef-icon-holder qodef-size--small qodef-layout--normal\" data-hover-color=\"#C31824\" >\t\t\t<a itemprop=\"url\" href=\"https:\/\/epaper.hirsch-porozell.at\/index.php\/anwendungen\/\" target=\"_self\">            <span class=\"qodef-icon-font-awesome fa fa-user qodef-icon qodef-e\" style=\"color: #FFFFFF\" ><\/span>            <\/a>\t<\/span>\t<\/div>\n\t<div class=\"qodef-m-content\">\n\t\t\t<h4 class=\"qodef-m-title\" >\n\t\t\t\t\t<a itemprop=\"url\" href=\"https:\/\/epaper.hirsch-porozell.at\/index.php\/anwendungen\/\" target=\"_self\">\n\t\t\t\t\t<span class=\"qodef-m-title-text\">Anwendungen<\/span>\n\t\t\t\t\t<\/a>\n\t\t\t<\/h4>\n\t\t\t<\/div>\n<\/div>\t\t<\/div>\n\t\t\t\t<\/div>\n\t\t\t\t\t\t<\/div>\n\t\t\t\t\t<\/div>\n\t\t<\/div>\n\t\t\t\t<div class=\"elementor-column elementor-col-33 elementor-inner-column elementor-element elementor-element-5f2e3e7\" data-id=\"5f2e3e7\" data-element_type=\"column\" data-settings=\"{&quot;background_background&quot;:&quot;classic&quot;}\">\n\t\t\t<div class=\"elementor-column-wrap elementor-element-populated\">\n\t\t\t\t\t\t\t<div class=\"elementor-widget-wrap\">\n\t\t\t\t\t\t<div class=\"elementor-element elementor-element-3565a43 elementor-widget elementor-widget-stal_core_icon_with_text\" data-id=\"3565a43\" data-element_type=\"widget\" data-widget_type=\"stal_core_icon_with_text.default\">\n\t\t\t\t<div class=\"elementor-widget-container\">\n\t\t\t<div class=\"qodef-shortcode qodef-m  qodef-icon-with-text qodef-layout--top  qodef--icon-pack qodef-appear-animation--enabled qodef-alignment--center\" >\n\t<div class=\"qodef-m-icon-wrapper\">\n\t\t<span class=\"qodef-shortcode qodef-m  qodef-icon-holder qodef-size--small qodef-layout--normal\" data-hover-color=\"#C31824\" >\t\t\t<a itemprop=\"url\" href=\"https:\/\/epaper.hirsch-porozell.at\/wp-content\/uploads\/2025\/03\/Technisches-Datenblatt_HIRSCH-EPS-T650_Trittschallda\u0308mmrolle_03-2025.pdf\" target=\"_blank\">            <span class=\"qodef-icon-font-awesome fa fa-download qodef-icon qodef-e\" style=\"color: #FFFFFF\" ><\/span>            <\/a>\t<\/span>\t<\/div>\n\t<div class=\"qodef-m-content\">\n\t\t\t<h4 class=\"qodef-m-title\" >\n\t\t\t\t\t<a itemprop=\"url\" href=\"https:\/\/epaper.hirsch-porozell.at\/wp-content\/uploads\/2025\/03\/Technisches-Datenblatt_HIRSCH-EPS-T650_Trittschallda\u0308mmrolle_03-2025.pdf\" target=\"_blank\">\n\t\t\t\t\t<span class=\"qodef-m-title-text\">Download<\/span>\n\t\t\t\t\t<\/a>\n\t\t\t<\/h4>\n\t\t\t<\/div>\n<\/div>\t\t<\/div>\n\t\t\t\t<\/div>\n\t\t\t\t\t\t<\/div>\n\t\t\t\t\t<\/div>\n\t\t<\/div>\n\t\t\t\t\t\t\t\t<\/div>\n\t\t\t\t\t<\/div>\n\t\t<\/section>\n\t\t\t\t\t\t<\/div>\n\t\t\t\t\t<\/div>\n\t\t<\/div>\n\t\t\t\t\t\t\t\t<\/div>\n\t\t\t\t\t<\/div>\n\t\t<\/section>\n\t\t\t\t\t\t\t\t\t<\/div>\n\t\t\t<\/div>\n\t\t\t\t\t<\/div>\n\t\t","protected":false},"excerpt":{"rendered":"<p>Technische Daten Eigenschaften Anwendungen Daten Preise EPS-T650 Trittschallrolle Trittschallrolle aus expandiertem Polystyrolhartschaumstoff f\u00fcr Gesamtbelastungen bis 650 kg\/m\u00b2 \u00a0 Vorteile: -Hochrei\u00dffeste Gewebefolie mit 5 cmRasteraufdruck als Verlegehilfe -freie, flexible Rohrverlegung \u2013 Folien\u00fcberlappung mit Klebestreifen \u2013 schnelle und einfache Verlegung \u2013 f\u00fcr Zement und Flie\u00dfestriche geeignet Anwendungsbereiche: Trittschalld\u00e4mmung unter schwimmendem Estrich, Fu\u00dfbodenheizungen Produktart: EPS-T650 gem\u00e4\u00df \u00d6NORM B [&hellip;]<\/p>\n","protected":false},"author":1,"featured_media":0,"parent":6257,"menu_order":0,"comment_status":"closed","ping_status":"closed","template":"page-full-width.php","meta":[],"_links":{"self":[{"href":"https:\/\/epaper.hirsch-porozell.at\/index.php\/wp-json\/wp\/v2\/pages\/6675"}],"collection":[{"href":"https:\/\/epaper.hirsch-porozell.at\/index.php\/wp-json\/wp\/v2\/pages"}],"about":[{"href":"https:\/\/epaper.hirsch-porozell.at\/index.php\/wp-json\/wp\/v2\/types\/page"}],"author":[{"embeddable":true,"href":"https:\/\/epaper.hirsch-porozell.at\/index.php\/wp-json\/wp\/v2\/users\/1"}],"replies":[{"embeddable":true,"href":"https:\/\/epaper.hirsch-porozell.at\/index.php\/wp-json\/wp\/v2\/comments?post=6675"}],"version-history":[{"count":45,"href":"https:\/\/epaper.hirsch-porozell.at\/index.php\/wp-json\/wp\/v2\/pages\/6675\/revisions"}],"predecessor-version":[{"id":9545,"href":"https:\/\/epaper.hirsch-porozell.at\/index.php\/wp-json\/wp\/v2\/pages\/6675\/revisions\/9545"}],"up":[{"embeddable":true,"href":"https:\/\/epaper.hirsch-porozell.at\/index.php\/wp-json\/wp\/v2\/pages\/6257"}],"wp:attachment":[{"href":"https:\/\/epaper.hirsch-porozell.at\/index.php\/wp-json\/wp\/v2\/media?parent=6675"}],"curies":[{"name":"wp","href":"https:\/\/api.w.org\/{rel}","templated":true}]}}