{"id":8190,"date":"2023-02-15T11:20:05","date_gmt":"2023-02-15T11:20:05","guid":{"rendered":"https:\/\/epaper.hirsch-porozell.at\/?page_id=8190"},"modified":"2023-02-15T14:58:45","modified_gmt":"2023-02-15T14:58:45","slug":"systemplatten-fur-fusbodenheizungen","status":"publish","type":"page","link":"https:\/\/epaper.hirsch-porozell.at\/index.php\/produkte\/produktubersicht-konstruktive-losungen\/systemplatten-fur-fusbodenheizungen\/","title":{"rendered":"Systemplatten f\u00fcr Fu\u00dfbodenheizungen"},"content":{"rendered":"\t\t<div data-elementor-type=\"wp-page\" data-elementor-id=\"8190\" class=\"elementor elementor-8190\">\n\t\t\t\t\t\t<div class=\"elementor-inner\">\n\t\t\t\t<div class=\"elementor-section-wrap\">\n\t\t\t\t\t\t\t\t\t<section class=\"elementor-section elementor-top-section elementor-element elementor-element-2dfb42d elementor-section-full_width elementor-section-height-default elementor-section-height-default qodef-elementor-content-no\" data-id=\"2dfb42d\" data-element_type=\"section\">\n\t\t\t\t\t\t<div class=\"elementor-container elementor-column-gap-default\">\n\t\t\t\t\t\t\t<div class=\"elementor-row\">\n\t\t\t\t\t<div class=\"elementor-column elementor-col-100 elementor-top-column elementor-element elementor-element-c8bf5ed\" data-id=\"c8bf5ed\" data-element_type=\"column\">\n\t\t\t<div class=\"elementor-column-wrap\">\n\t\t\t\t\t\t\t<div class=\"elementor-widget-wrap\">\n\t\t\t\t\t\t\t\t<\/div>\n\t\t\t\t\t<\/div>\n\t\t<\/div>\n\t\t\t\t\t\t\t\t<\/div>\n\t\t\t\t\t<\/div>\n\t\t<\/section>\n\t\t\t\t<section class=\"elementor-section elementor-top-section elementor-element elementor-element-d21fd2d qodef-elementor-content-grid elementor-section-height-full elementor-section-items-bottom elementor-section-boxed elementor-section-height-default\" data-id=\"d21fd2d\" data-element_type=\"section\" data-settings=\"{&quot;background_background&quot;:&quot;classic&quot;,&quot;animation&quot;:&quot;none&quot;}\">\n\t\t\t\t\t\t\t<div class=\"elementor-background-overlay\"><\/div>\n\t\t\t\t\t\t\t<div class=\"elementor-container elementor-column-gap-no\">\n\t\t\t\t\t\t\t<div class=\"elementor-row\">\n\t\t\t\t\t<div class=\"elementor-column elementor-col-20 elementor-top-column elementor-element elementor-element-42bcffc elementor-hidden-desktop elementor-hidden-tablet elementor-hidden-phone\" data-id=\"42bcffc\" data-element_type=\"column\" data-settings=\"{&quot;background_background&quot;:&quot;classic&quot;}\">\n\t\t\t<div class=\"elementor-column-wrap elementor-element-populated\">\n\t\t\t\t\t\t\t<div class=\"elementor-widget-wrap\">\n\t\t\t\t\t\t<div class=\"elementor-element elementor-element-56bc838 elementor-widget elementor-widget-stal_core_icon_with_text\" data-id=\"56bc838\" data-element_type=\"widget\" data-widget_type=\"stal_core_icon_with_text.default\">\n\t\t\t\t<div class=\"elementor-widget-container\">\n\t\t\t<div class=\"qodef-shortcode qodef-m  qodef-icon-with-text qodef-layout--top  qodef--icon-pack qodef-appear-animation--enabled qodef-alignment--center\" >\n\t<div class=\"qodef-m-icon-wrapper\">\n\t\t<span class=\"qodef-shortcode qodef-m  qodef-icon-holder qodef-size--small qodef-layout--normal\" data-hover-color=\"#C31824\" >\t\t\t<a itemprop=\"url\" href=\"https:\/\/epaper.hirsch-porozell.at\/index.php\/produkte\/produktubersicht-boden\/produktubersicht-eps-t\/eps-t1000-trittschallplatte\/eps-t1000-trittschallplatte-technische-daten\/\" target=\"_self\">            <span class=\"qodef-icon-font-awesome fa fa-plus-circle qodef-icon qodef-e\" style=\"color: #FFFFFF\" ><\/span>            <\/a>\t<\/span>\t<\/div>\n\t<div class=\"qodef-m-content\">\n\t\t\t<h4 class=\"qodef-m-title\" >\n\t\t\t\t\t<a itemprop=\"url\" href=\"https:\/\/epaper.hirsch-porozell.at\/index.php\/produkte\/produktubersicht-boden\/produktubersicht-eps-t\/eps-t1000-trittschallplatte\/eps-t1000-trittschallplatte-technische-daten\/\" target=\"_self\">\n\t\t\t\t\t<span class=\"qodef-m-title-text\">Technische Daten<\/span>\n\t\t\t\t\t<\/a>\n\t\t\t<\/h4>\n\t\t\t<\/div>\n<\/div>\t\t<\/div>\n\t\t\t\t<\/div>\n\t\t\t\t\t\t<\/div>\n\t\t\t\t\t<\/div>\n\t\t<\/div>\n\t\t\t\t<div class=\"elementor-column elementor-col-20 elementor-top-column elementor-element elementor-element-f364c9c elementor-hidden-desktop elementor-hidden-tablet elementor-hidden-phone\" data-id=\"f364c9c\" data-element_type=\"column\" data-settings=\"{&quot;background_background&quot;:&quot;classic&quot;}\">\n\t\t\t<div class=\"elementor-column-wrap elementor-element-populated\">\n\t\t\t\t\t\t\t<div class=\"elementor-widget-wrap\">\n\t\t\t\t\t\t<div class=\"elementor-element elementor-element-9689fc6 elementor-widget elementor-widget-stal_core_icon_with_text\" data-id=\"9689fc6\" data-element_type=\"widget\" data-widget_type=\"stal_core_icon_with_text.default\">\n\t\t\t\t<div class=\"elementor-widget-container\">\n\t\t\t<div class=\"qodef-shortcode qodef-m  qodef-icon-with-text qodef-layout--top  qodef--icon-pack qodef-appear-animation--enabled qodef-alignment--center\" >\n\t<div class=\"qodef-m-icon-wrapper\">\n\t\t<span class=\"qodef-shortcode qodef-m  qodef-icon-holder qodef-size--small qodef-layout--normal\" data-hover-color=\"#C31824\" >\t\t\t<a itemprop=\"url\" href=\"https:\/\/epaper.hirsch-porozell.at\/index.php\/eigenschaften\/\" target=\"_self\">            <span class=\"qodef-icon-font-awesome fa fa-cogs qodef-icon qodef-e\" style=\"color: #FFFFFF\" ><\/span>            <\/a>\t<\/span>\t<\/div>\n\t<div class=\"qodef-m-content\">\n\t\t\t<h4 class=\"qodef-m-title\" >\n\t\t\t\t\t<a itemprop=\"url\" href=\"https:\/\/epaper.hirsch-porozell.at\/index.php\/eigenschaften\/\" target=\"_self\">\n\t\t\t\t\t<span class=\"qodef-m-title-text\">Eigenschaften<\/span>\n\t\t\t\t\t<\/a>\n\t\t\t<\/h4>\n\t\t\t<\/div>\n<\/div>\t\t<\/div>\n\t\t\t\t<\/div>\n\t\t\t\t\t\t<\/div>\n\t\t\t\t\t<\/div>\n\t\t<\/div>\n\t\t\t\t<div class=\"elementor-column elementor-col-20 elementor-top-column elementor-element elementor-element-c34b3d4 elementor-hidden-desktop elementor-hidden-tablet elementor-hidden-phone\" data-id=\"c34b3d4\" data-element_type=\"column\" data-settings=\"{&quot;background_background&quot;:&quot;classic&quot;}\">\n\t\t\t<div class=\"elementor-column-wrap elementor-element-populated\">\n\t\t\t\t\t\t\t<div class=\"elementor-widget-wrap\">\n\t\t\t\t\t\t<div class=\"elementor-element elementor-element-54602c0 elementor-widget elementor-widget-stal_core_icon_with_text\" data-id=\"54602c0\" data-element_type=\"widget\" data-widget_type=\"stal_core_icon_with_text.default\">\n\t\t\t\t<div class=\"elementor-widget-container\">\n\t\t\t<div class=\"qodef-shortcode qodef-m  qodef-icon-with-text qodef-layout--top  qodef--icon-pack qodef-appear-animation--enabled qodef-alignment--center\" >\n\t<div class=\"qodef-m-icon-wrapper\">\n\t\t<span class=\"qodef-shortcode qodef-m  qodef-icon-holder qodef-size--small qodef-layout--normal\" data-hover-color=\"#C31824\" >\t\t\t<a itemprop=\"url\" href=\"https:\/\/epaper.hirsch-porozell.at\/index.php\/anwendungen\/\" target=\"_self\">            <span class=\"qodef-icon-font-awesome fa fa-user qodef-icon qodef-e\" style=\"color: #FFFFFF\" ><\/span>            <\/a>\t<\/span>\t<\/div>\n\t<div class=\"qodef-m-content\">\n\t\t\t<h4 class=\"qodef-m-title\" >\n\t\t\t\t\t<a itemprop=\"url\" href=\"https:\/\/epaper.hirsch-porozell.at\/index.php\/anwendungen\/\" target=\"_self\">\n\t\t\t\t\t<span class=\"qodef-m-title-text\">Anwendungen<\/span>\n\t\t\t\t\t<\/a>\n\t\t\t<\/h4>\n\t\t\t<\/div>\n<\/div>\t\t<\/div>\n\t\t\t\t<\/div>\n\t\t\t\t\t\t<\/div>\n\t\t\t\t\t<\/div>\n\t\t<\/div>\n\t\t\t\t<div class=\"elementor-column elementor-col-20 elementor-top-column elementor-element elementor-element-0056912 elementor-hidden-desktop elementor-hidden-tablet elementor-hidden-phone\" data-id=\"0056912\" data-element_type=\"column\" data-settings=\"{&quot;background_background&quot;:&quot;classic&quot;}\">\n\t\t\t<div class=\"elementor-column-wrap elementor-element-populated\">\n\t\t\t\t\t\t\t<div class=\"elementor-widget-wrap\">\n\t\t\t\t\t\t<div class=\"elementor-element elementor-element-0d08c4b elementor-widget elementor-widget-stal_core_icon_with_text\" data-id=\"0d08c4b\" data-element_type=\"widget\" data-widget_type=\"stal_core_icon_with_text.default\">\n\t\t\t\t<div class=\"elementor-widget-container\">\n\t\t\t<div class=\"qodef-shortcode qodef-m  qodef-icon-with-text qodef-layout--top  qodef--icon-pack qodef-appear-animation--enabled qodef-alignment--center\" >\n\t<div class=\"qodef-m-icon-wrapper\">\n\t\t<span class=\"qodef-shortcode qodef-m  qodef-icon-holder qodef-size--small qodef-layout--normal\" data-hover-color=\"#C31824\" >\t\t\t<a itemprop=\"url\" href=\"https:\/\/epaper.hirsch-porozell.at\/wp-content\/uploads\/2020\/12\/TZeco400speed-Datenblatt_A4-2020_FIN21.pdf\" target=\"_blank\">            <span class=\"qodef-icon-font-awesome fa fa-search qodef-icon qodef-e\" style=\"color: #FFFFFF\" ><\/span>            <\/a>\t<\/span>\t<\/div>\n\t<div class=\"qodef-m-content\">\n\t\t\t<h4 class=\"qodef-m-title\" >\n\t\t\t\t\t<a itemprop=\"url\" href=\"https:\/\/epaper.hirsch-porozell.at\/wp-content\/uploads\/2020\/12\/TZeco400speed-Datenblatt_A4-2020_FIN21.pdf\" target=\"_blank\">\n\t\t\t\t\t<span class=\"qodef-m-title-text\">Daten<\/span>\n\t\t\t\t\t<\/a>\n\t\t\t<\/h4>\n\t\t\t<\/div>\n<\/div>\t\t<\/div>\n\t\t\t\t<\/div>\n\t\t\t\t\t\t<\/div>\n\t\t\t\t\t<\/div>\n\t\t<\/div>\n\t\t\t\t<div class=\"elementor-column elementor-col-20 elementor-top-column elementor-element elementor-element-f1f11ff elementor-hidden-desktop elementor-hidden-tablet elementor-hidden-phone\" data-id=\"f1f11ff\" data-element_type=\"column\" data-settings=\"{&quot;background_background&quot;:&quot;classic&quot;}\">\n\t\t\t<div class=\"elementor-column-wrap elementor-element-populated\">\n\t\t\t\t\t\t\t<div class=\"elementor-widget-wrap\">\n\t\t\t\t\t\t<div class=\"elementor-element elementor-element-51a2db5 elementor-widget elementor-widget-stal_core_icon_with_text\" data-id=\"51a2db5\" data-element_type=\"widget\" data-widget_type=\"stal_core_icon_with_text.default\">\n\t\t\t\t<div class=\"elementor-widget-container\">\n\t\t\t<div class=\"qodef-shortcode qodef-m  qodef-icon-with-text qodef-layout--top  qodef--icon-pack qodef-appear-animation--enabled qodef-alignment--center\" >\n\t<div class=\"qodef-m-icon-wrapper\">\n\t\t<span class=\"qodef-shortcode qodef-m  qodef-icon-holder qodef-size--small qodef-layout--normal\" data-hover-color=\"#C31824\" >\t\t\t<a itemprop=\"url\" href=\"https:\/\/epaper.hirsch-porozell.at\/wp-content\/uploads\/2020\/12\/TZeco-PreislisteOesterreich_A4-202015.pdf\" target=\"_blank\">            <span class=\"qodef-icon-font-awesome fa fa-euro-sign qodef-icon qodef-e\" style=\"color: #FFFFFF\" ><\/span>            <\/a>\t<\/span>\t<\/div>\n\t<div class=\"qodef-m-content\">\n\t\t\t<h4 class=\"qodef-m-title\" >\n\t\t\t\t\t<a itemprop=\"url\" href=\"https:\/\/epaper.hirsch-porozell.at\/wp-content\/uploads\/2020\/12\/TZeco-PreislisteOesterreich_A4-202015.pdf\" target=\"_blank\">\n\t\t\t\t\t<span class=\"qodef-m-title-text\">Preise<\/span>\n\t\t\t\t\t<\/a>\n\t\t\t<\/h4>\n\t\t\t<\/div>\n<\/div>\t\t<\/div>\n\t\t\t\t<\/div>\n\t\t\t\t\t\t<\/div>\n\t\t\t\t\t<\/div>\n\t\t<\/div>\n\t\t\t\t\t\t\t\t<\/div>\n\t\t\t\t\t<\/div>\n\t\t<\/section>\n\t\t\t\t<section class=\"elementor-section elementor-top-section elementor-element elementor-element-ac26dc4 elementor-section-boxed elementor-section-height-default elementor-section-height-default qodef-elementor-content-no\" data-id=\"ac26dc4\" data-element_type=\"section\" data-settings=\"{&quot;background_background&quot;:&quot;classic&quot;}\">\n\t\t\t\t\t\t<div class=\"elementor-container elementor-column-gap-no\">\n\t\t\t\t\t\t\t<div class=\"elementor-row\">\n\t\t\t\t\t<div class=\"elementor-column elementor-col-100 elementor-top-column elementor-element elementor-element-9e14e9d\" data-id=\"9e14e9d\" data-element_type=\"column\">\n\t\t\t<div class=\"elementor-column-wrap elementor-element-populated\">\n\t\t\t\t\t\t\t<div class=\"elementor-widget-wrap\">\n\t\t\t\t\t\t<div class=\"elementor-element elementor-element-ef4c15b elementor-widget elementor-widget-heading\" data-id=\"ef4c15b\" data-element_type=\"widget\" data-widget_type=\"heading.default\">\n\t\t\t\t<div class=\"elementor-widget-container\">\n\t\t\t<h2 class=\"elementor-heading-title elementor-size-default\">Systemplatten f\u00fcr Fu\u00dfbodenheizungen<\/h2>\t\t<\/div>\n\t\t\t\t<\/div>\n\t\t\t\t<div class=\"elementor-element elementor-element-5518944 elementor-widget elementor-widget-text-editor\" data-id=\"5518944\" data-element_type=\"widget\" data-widget_type=\"text-editor.default\">\n\t\t\t\t<div class=\"elementor-widget-container\">\n\t\t\t\t\t\t\t\t<div class=\"elementor-text-editor elementor-clearfix\">\n\t\t\t\t<p><strong>Vorteile:<\/strong><\/p>\t\t\t\t\t<\/div>\n\t\t\t\t\t\t<\/div>\n\t\t\t\t<\/div>\n\t\t\t\t<section class=\"elementor-section elementor-inner-section elementor-element elementor-element-e07b94b elementor-section-full_width elementor-section-height-default elementor-section-height-default qodef-elementor-content-no\" data-id=\"e07b94b\" data-element_type=\"section\">\n\t\t\t\t\t\t<div class=\"elementor-container elementor-column-gap-default\">\n\t\t\t\t\t\t\t<div class=\"elementor-row\">\n\t\t\t\t\t<div class=\"elementor-column elementor-col-50 elementor-inner-column elementor-element elementor-element-9dfdfa0\" data-id=\"9dfdfa0\" data-element_type=\"column\">\n\t\t\t<div class=\"elementor-column-wrap elementor-element-populated\">\n\t\t\t\t\t\t\t<div class=\"elementor-widget-wrap\">\n\t\t\t\t\t\t<div class=\"elementor-element elementor-element-322a704 elementor-widget elementor-widget-text-editor\" data-id=\"322a704\" data-element_type=\"widget\" data-widget_type=\"text-editor.default\">\n\t\t\t\t<div class=\"elementor-widget-container\">\n\t\t\t\t\t\t\t\t<div class=\"elementor-text-editor elementor-clearfix\">\n\t\t\t\t<ul><li>Verschnittfreie Verlegung durch das \u201eNoppe auf Noppe\u201c-Prinzip<\/li><li>\u00a0Geeignet f\u00fcr Flie\u00dfestrich durch sichere und dichte Verbindung der Noppen<\/li><li>Doppeldichte garantiert ein H\u00f6chstma\u00df an Trittfestigkeit und optimalen L\u00e4rm- und Schallschutz Beckenbodens<\/li><\/ul>\t\t\t\t\t<\/div>\n\t\t\t\t\t\t<\/div>\n\t\t\t\t<\/div>\n\t\t\t\t\t\t<\/div>\n\t\t\t\t\t<\/div>\n\t\t<\/div>\n\t\t\t\t<div class=\"elementor-column elementor-col-50 elementor-inner-column elementor-element elementor-element-79143da\" data-id=\"79143da\" data-element_type=\"column\">\n\t\t\t<div class=\"elementor-column-wrap elementor-element-populated\">\n\t\t\t\t\t\t\t<div class=\"elementor-widget-wrap\">\n\t\t\t\t\t\t<div class=\"elementor-element elementor-element-3afd46e elementor-widget elementor-widget-text-editor\" data-id=\"3afd46e\" data-element_type=\"widget\" data-widget_type=\"text-editor.default\">\n\t\t\t\t<div class=\"elementor-widget-container\">\n\t\t\t\t\t\t\t\t<div class=\"elementor-text-editor elementor-clearfix\">\n\t\t\t\t<ul><li>Absolut sicherer Halt des Heizungsrohres durch Noppenauspr\u00e4gung<\/li><li>Schnelle Ein-Mann-Montage<\/li><\/ul>\t\t\t\t\t<\/div>\n\t\t\t\t\t\t<\/div>\n\t\t\t\t<\/div>\n\t\t\t\t\t\t<\/div>\n\t\t\t\t\t<\/div>\n\t\t<\/div>\n\t\t\t\t\t\t\t\t<\/div>\n\t\t\t\t\t<\/div>\n\t\t<\/section>\n\t\t\t\t<section class=\"elementor-section elementor-inner-section elementor-element elementor-element-b7b0d1e elementor-section-full_width elementor-section-height-default elementor-section-height-default qodef-elementor-content-no\" data-id=\"b7b0d1e\" data-element_type=\"section\">\n\t\t\t\t\t\t<div class=\"elementor-container elementor-column-gap-default\">\n\t\t\t\t\t\t\t<div class=\"elementor-row\">\n\t\t\t\t\t<div class=\"elementor-column elementor-col-50 elementor-inner-column elementor-element elementor-element-689d5a8\" data-id=\"689d5a8\" data-element_type=\"column\" data-settings=\"{&quot;background_background&quot;:&quot;classic&quot;}\">\n\t\t\t<div class=\"elementor-column-wrap elementor-element-populated\">\n\t\t\t\t\t\t\t<div class=\"elementor-widget-wrap\">\n\t\t\t\t\t\t<div class=\"elementor-element elementor-element-da9e564 elementor-widget elementor-widget-stal_core_icon_with_text\" data-id=\"da9e564\" data-element_type=\"widget\" data-widget_type=\"stal_core_icon_with_text.default\">\n\t\t\t\t<div class=\"elementor-widget-container\">\n\t\t\t<div class=\"qodef-shortcode qodef-m  qodef-icon-with-text qodef-layout--top  qodef--icon-pack qodef-appear-animation--enabled qodef-alignment--center\" >\n\t<div class=\"qodef-m-icon-wrapper\">\n\t\t<span class=\"qodef-shortcode qodef-m  qodef-icon-holder qodef-size--small qodef-layout--normal\" data-hover-color=\"#C31824\" >\t\t\t<a itemprop=\"url\" href=\"https:\/\/epaper.hirsch-porozell.at\/index.php\/anwendungen\/\" target=\"_self\">            <span class=\"qodef-icon-font-awesome fa fa-user qodef-icon qodef-e\" style=\"color: #FFFFFF\" ><\/span>            <\/a>\t<\/span>\t<\/div>\n\t<div class=\"qodef-m-content\">\n\t\t\t<h4 class=\"qodef-m-title\" >\n\t\t\t\t\t<a itemprop=\"url\" href=\"https:\/\/epaper.hirsch-porozell.at\/index.php\/anwendungen\/\" target=\"_self\">\n\t\t\t\t\t<span class=\"qodef-m-title-text\">Anwendungen<\/span>\n\t\t\t\t\t<\/a>\n\t\t\t<\/h4>\n\t\t\t<\/div>\n<\/div>\t\t<\/div>\n\t\t\t\t<\/div>\n\t\t\t\t\t\t<\/div>\n\t\t\t\t\t<\/div>\n\t\t<\/div>\n\t\t\t\t<div class=\"elementor-column elementor-col-50 elementor-inner-column elementor-element elementor-element-411f53e\" data-id=\"411f53e\" data-element_type=\"column\" data-settings=\"{&quot;background_background&quot;:&quot;classic&quot;}\">\n\t\t\t<div class=\"elementor-column-wrap elementor-element-populated\">\n\t\t\t\t\t\t\t<div class=\"elementor-widget-wrap\">\n\t\t\t\t\t\t<div class=\"elementor-element elementor-element-1c66df0 elementor-widget elementor-widget-stal_core_icon_with_text\" data-id=\"1c66df0\" data-element_type=\"widget\" data-widget_type=\"stal_core_icon_with_text.default\">\n\t\t\t\t<div class=\"elementor-widget-container\">\n\t\t\t<div class=\"qodef-shortcode qodef-m  qodef-icon-with-text qodef-layout--top  qodef--icon-pack qodef-appear-animation--enabled qodef-alignment--center\" >\n\t<div class=\"qodef-m-icon-wrapper\">\n\t\t<span class=\"qodef-shortcode qodef-m  qodef-icon-holder qodef-size--small qodef-layout--normal\" data-hover-color=\"#C31824\" >\t\t\t<a itemprop=\"url\" href=\"https:\/\/epaper.hirsch-porozell.at\/wp-content\/uploads\/2023\/02\/Systemplatten-Fusbodenheizungen-1.pdf\" target=\"_blank\">            <span class=\"qodef-icon-font-awesome fa fa-download qodef-icon qodef-e\" style=\"color: #FFFFFF\" ><\/span>            <\/a>\t<\/span>\t<\/div>\n\t<div class=\"qodef-m-content\">\n\t\t\t<h4 class=\"qodef-m-title\" >\n\t\t\t\t\t<a itemprop=\"url\" href=\"https:\/\/epaper.hirsch-porozell.at\/wp-content\/uploads\/2023\/02\/Systemplatten-Fusbodenheizungen-1.pdf\" target=\"_blank\">\n\t\t\t\t\t<span class=\"qodef-m-title-text\">Download<\/span>\n\t\t\t\t\t<\/a>\n\t\t\t<\/h4>\n\t\t\t<\/div>\n<\/div>\t\t<\/div>\n\t\t\t\t<\/div>\n\t\t\t\t\t\t<\/div>\n\t\t\t\t\t<\/div>\n\t\t<\/div>\n\t\t\t\t\t\t\t\t<\/div>\n\t\t\t\t\t<\/div>\n\t\t<\/section>\n\t\t\t\t\t\t<\/div>\n\t\t\t\t\t<\/div>\n\t\t<\/div>\n\t\t\t\t\t\t\t\t<\/div>\n\t\t\t\t\t<\/div>\n\t\t<\/section>\n\t\t\t\t\t\t\t\t\t<\/div>\n\t\t\t<\/div>\n\t\t\t\t\t<\/div>\n\t\t","protected":false},"excerpt":{"rendered":"<p>Technische Daten Eigenschaften Anwendungen Daten Preise Systemplatten f\u00fcr Fu\u00dfbodenheizungen Vorteile: Verschnittfreie Verlegung durch das \u201eNoppe auf Noppe\u201c-Prinzip \u00a0Geeignet f\u00fcr Flie\u00dfestrich durch sichere und dichte Verbindung der Noppen Doppeldichte garantiert ein H\u00f6chstma\u00df an Trittfestigkeit und optimalen L\u00e4rm- und Schallschutz Beckenbodens Absolut sicherer Halt des Heizungsrohres durch Noppenauspr\u00e4gung Schnelle Ein-Mann-Montage Anwendungen Download<\/p>\n","protected":false},"author":1,"featured_media":0,"parent":8141,"menu_order":0,"comment_status":"closed","ping_status":"closed","template":"page-full-width.php","meta":[],"_links":{"self":[{"href":"https:\/\/epaper.hirsch-porozell.at\/index.php\/wp-json\/wp\/v2\/pages\/8190"}],"collection":[{"href":"https:\/\/epaper.hirsch-porozell.at\/index.php\/wp-json\/wp\/v2\/pages"}],"about":[{"href":"https:\/\/epaper.hirsch-porozell.at\/index.php\/wp-json\/wp\/v2\/types\/page"}],"author":[{"embeddable":true,"href":"https:\/\/epaper.hirsch-porozell.at\/index.php\/wp-json\/wp\/v2\/users\/1"}],"replies":[{"embeddable":true,"href":"https:\/\/epaper.hirsch-porozell.at\/index.php\/wp-json\/wp\/v2\/comments?post=8190"}],"version-history":[{"count":10,"href":"https:\/\/epaper.hirsch-porozell.at\/index.php\/wp-json\/wp\/v2\/pages\/8190\/revisions"}],"predecessor-version":[{"id":8495,"href":"https:\/\/epaper.hirsch-porozell.at\/index.php\/wp-json\/wp\/v2\/pages\/8190\/revisions\/8495"}],"up":[{"embeddable":true,"href":"https:\/\/epaper.hirsch-porozell.at\/index.php\/wp-json\/wp\/v2\/pages\/8141"}],"wp:attachment":[{"href":"https:\/\/epaper.hirsch-porozell.at\/index.php\/wp-json\/wp\/v2\/media?parent=8190"}],"curies":[{"name":"wp","href":"https:\/\/api.w.org\/{rel}","templated":true}]}}