{"id":8705,"date":"2023-02-21T09:57:04","date_gmt":"2023-02-21T09:57:04","guid":{"rendered":"https:\/\/epaper.hirsch-porozell.at\/?page_id=8705"},"modified":"2023-02-21T10:10:37","modified_gmt":"2023-02-21T10:10:37","slug":"individueller-gefalleplan","status":"publish","type":"page","link":"https:\/\/epaper.hirsch-porozell.at\/index.php\/produkte\/produktubersicht-boden\/produktubersicht-thermozell\/individueller-gefalleplan\/","title":{"rendered":"Individueller Gef\u00e4lleplan"},"content":{"rendered":"\t\t<div data-elementor-type=\"wp-page\" data-elementor-id=\"8705\" class=\"elementor elementor-8705\">\n\t\t\t\t\t\t<div class=\"elementor-inner\">\n\t\t\t\t<div class=\"elementor-section-wrap\">\n\t\t\t\t\t\t\t\t\t<section class=\"elementor-section elementor-top-section elementor-element elementor-element-a420bcb elementor-section-full_width elementor-section-height-default elementor-section-height-default qodef-elementor-content-no\" data-id=\"a420bcb\" data-element_type=\"section\">\n\t\t\t\t\t\t<div class=\"elementor-container elementor-column-gap-default\">\n\t\t\t\t\t\t\t<div class=\"elementor-row\">\n\t\t\t\t\t<div class=\"elementor-column elementor-col-100 elementor-top-column elementor-element elementor-element-fb41a0f\" data-id=\"fb41a0f\" data-element_type=\"column\">\n\t\t\t<div class=\"elementor-column-wrap\">\n\t\t\t\t\t\t\t<div class=\"elementor-widget-wrap\">\n\t\t\t\t\t\t\t\t<\/div>\n\t\t\t\t\t<\/div>\n\t\t<\/div>\n\t\t\t\t\t\t\t\t<\/div>\n\t\t\t\t\t<\/div>\n\t\t<\/section>\n\t\t\t\t<section class=\"elementor-section elementor-top-section elementor-element elementor-element-f65d0b3 qodef-elementor-content-grid elementor-section-height-full elementor-section-items-bottom elementor-section-boxed elementor-section-height-default\" data-id=\"f65d0b3\" data-element_type=\"section\" data-settings=\"{&quot;background_background&quot;:&quot;classic&quot;,&quot;animation&quot;:&quot;none&quot;}\">\n\t\t\t\t\t\t\t<div class=\"elementor-background-overlay\"><\/div>\n\t\t\t\t\t\t\t<div class=\"elementor-container elementor-column-gap-no\">\n\t\t\t\t\t\t\t<div class=\"elementor-row\">\n\t\t\t\t\t<div class=\"elementor-column elementor-col-20 elementor-top-column elementor-element elementor-element-1467eae elementor-hidden-desktop elementor-hidden-tablet elementor-hidden-phone\" data-id=\"1467eae\" data-element_type=\"column\" data-settings=\"{&quot;background_background&quot;:&quot;classic&quot;}\">\n\t\t\t<div class=\"elementor-column-wrap elementor-element-populated\">\n\t\t\t\t\t\t\t<div class=\"elementor-widget-wrap\">\n\t\t\t\t\t\t<div class=\"elementor-element elementor-element-aff0d09 elementor-widget elementor-widget-stal_core_icon_with_text\" data-id=\"aff0d09\" data-element_type=\"widget\" data-widget_type=\"stal_core_icon_with_text.default\">\n\t\t\t\t<div class=\"elementor-widget-container\">\n\t\t\t<div class=\"qodef-shortcode qodef-m  qodef-icon-with-text qodef-layout--top  qodef--icon-pack qodef-appear-animation--enabled qodef-alignment--center\" >\n\t<div class=\"qodef-m-icon-wrapper\">\n\t\t<span class=\"qodef-shortcode qodef-m  qodef-icon-holder qodef-size--small qodef-layout--normal\" data-hover-color=\"#C31824\" >\t\t\t<a itemprop=\"url\" href=\"https:\/\/epaper.hirsch-porozell.at\/index.php\/produkte\/produktubersicht-boden\/produktubersicht-eps-t\/eps-t1000-trittschallplatte\/eps-t1000-trittschallplatte-technische-daten\/\" target=\"_self\">            <span class=\"qodef-icon-font-awesome fa fa-plus-circle qodef-icon qodef-e\" style=\"color: #FFFFFF\" ><\/span>            <\/a>\t<\/span>\t<\/div>\n\t<div class=\"qodef-m-content\">\n\t\t\t<h4 class=\"qodef-m-title\" >\n\t\t\t\t\t<a itemprop=\"url\" href=\"https:\/\/epaper.hirsch-porozell.at\/index.php\/produkte\/produktubersicht-boden\/produktubersicht-eps-t\/eps-t1000-trittschallplatte\/eps-t1000-trittschallplatte-technische-daten\/\" target=\"_self\">\n\t\t\t\t\t<span class=\"qodef-m-title-text\">Technische Daten<\/span>\n\t\t\t\t\t<\/a>\n\t\t\t<\/h4>\n\t\t\t<\/div>\n<\/div>\t\t<\/div>\n\t\t\t\t<\/div>\n\t\t\t\t\t\t<\/div>\n\t\t\t\t\t<\/div>\n\t\t<\/div>\n\t\t\t\t<div class=\"elementor-column elementor-col-20 elementor-top-column elementor-element elementor-element-0f24cb6 elementor-hidden-desktop elementor-hidden-tablet elementor-hidden-phone\" data-id=\"0f24cb6\" data-element_type=\"column\" data-settings=\"{&quot;background_background&quot;:&quot;classic&quot;}\">\n\t\t\t<div class=\"elementor-column-wrap elementor-element-populated\">\n\t\t\t\t\t\t\t<div class=\"elementor-widget-wrap\">\n\t\t\t\t\t\t<div class=\"elementor-element elementor-element-ee0b189 elementor-widget elementor-widget-stal_core_icon_with_text\" data-id=\"ee0b189\" data-element_type=\"widget\" data-widget_type=\"stal_core_icon_with_text.default\">\n\t\t\t\t<div class=\"elementor-widget-container\">\n\t\t\t<div class=\"qodef-shortcode qodef-m  qodef-icon-with-text qodef-layout--top  qodef--icon-pack qodef-appear-animation--enabled qodef-alignment--center\" >\n\t<div class=\"qodef-m-icon-wrapper\">\n\t\t<span class=\"qodef-shortcode qodef-m  qodef-icon-holder qodef-size--small qodef-layout--normal\" data-hover-color=\"#C31824\" >\t\t\t<a itemprop=\"url\" href=\"https:\/\/epaper.hirsch-porozell.at\/index.php\/eigenschaften\/\" target=\"_self\">            <span class=\"qodef-icon-font-awesome fa fa-cogs qodef-icon qodef-e\" style=\"color: #FFFFFF\" ><\/span>            <\/a>\t<\/span>\t<\/div>\n\t<div class=\"qodef-m-content\">\n\t\t\t<h4 class=\"qodef-m-title\" >\n\t\t\t\t\t<a itemprop=\"url\" href=\"https:\/\/epaper.hirsch-porozell.at\/index.php\/eigenschaften\/\" target=\"_self\">\n\t\t\t\t\t<span class=\"qodef-m-title-text\">Eigenschaften<\/span>\n\t\t\t\t\t<\/a>\n\t\t\t<\/h4>\n\t\t\t<\/div>\n<\/div>\t\t<\/div>\n\t\t\t\t<\/div>\n\t\t\t\t\t\t<\/div>\n\t\t\t\t\t<\/div>\n\t\t<\/div>\n\t\t\t\t<div class=\"elementor-column elementor-col-20 elementor-top-column elementor-element elementor-element-2e55e99 elementor-hidden-desktop elementor-hidden-tablet elementor-hidden-phone\" data-id=\"2e55e99\" data-element_type=\"column\" data-settings=\"{&quot;background_background&quot;:&quot;classic&quot;}\">\n\t\t\t<div class=\"elementor-column-wrap elementor-element-populated\">\n\t\t\t\t\t\t\t<div class=\"elementor-widget-wrap\">\n\t\t\t\t\t\t<div class=\"elementor-element elementor-element-d8eebc3 elementor-widget elementor-widget-stal_core_icon_with_text\" data-id=\"d8eebc3\" data-element_type=\"widget\" data-widget_type=\"stal_core_icon_with_text.default\">\n\t\t\t\t<div class=\"elementor-widget-container\">\n\t\t\t<div class=\"qodef-shortcode qodef-m  qodef-icon-with-text qodef-layout--top  qodef--icon-pack qodef-appear-animation--enabled qodef-alignment--center\" >\n\t<div class=\"qodef-m-icon-wrapper\">\n\t\t<span class=\"qodef-shortcode qodef-m  qodef-icon-holder qodef-size--small qodef-layout--normal\" data-hover-color=\"#C31824\" >\t\t\t<a itemprop=\"url\" href=\"https:\/\/epaper.hirsch-porozell.at\/index.php\/anwendungen\/\" target=\"_self\">            <span class=\"qodef-icon-font-awesome fa fa-user qodef-icon qodef-e\" style=\"color: #FFFFFF\" ><\/span>            <\/a>\t<\/span>\t<\/div>\n\t<div class=\"qodef-m-content\">\n\t\t\t<h4 class=\"qodef-m-title\" >\n\t\t\t\t\t<a itemprop=\"url\" href=\"https:\/\/epaper.hirsch-porozell.at\/index.php\/anwendungen\/\" target=\"_self\">\n\t\t\t\t\t<span class=\"qodef-m-title-text\">Anwendungen<\/span>\n\t\t\t\t\t<\/a>\n\t\t\t<\/h4>\n\t\t\t<\/div>\n<\/div>\t\t<\/div>\n\t\t\t\t<\/div>\n\t\t\t\t\t\t<\/div>\n\t\t\t\t\t<\/div>\n\t\t<\/div>\n\t\t\t\t<div class=\"elementor-column elementor-col-20 elementor-top-column elementor-element elementor-element-38f5af9 elementor-hidden-desktop elementor-hidden-tablet elementor-hidden-phone\" data-id=\"38f5af9\" data-element_type=\"column\" data-settings=\"{&quot;background_background&quot;:&quot;classic&quot;}\">\n\t\t\t<div class=\"elementor-column-wrap elementor-element-populated\">\n\t\t\t\t\t\t\t<div class=\"elementor-widget-wrap\">\n\t\t\t\t\t\t<div class=\"elementor-element elementor-element-27ff918 elementor-widget elementor-widget-stal_core_icon_with_text\" data-id=\"27ff918\" data-element_type=\"widget\" data-widget_type=\"stal_core_icon_with_text.default\">\n\t\t\t\t<div class=\"elementor-widget-container\">\n\t\t\t<div class=\"qodef-shortcode qodef-m  qodef-icon-with-text qodef-layout--top  qodef--icon-pack qodef-appear-animation--enabled qodef-alignment--center\" >\n\t<div class=\"qodef-m-icon-wrapper\">\n\t\t<span class=\"qodef-shortcode qodef-m  qodef-icon-holder qodef-size--small qodef-layout--normal\" data-hover-color=\"#C31824\" >\t\t\t<a itemprop=\"url\" href=\"https:\/\/epaper.hirsch-porozell.at\/wp-content\/uploads\/2020\/12\/TZeco400speed-Datenblatt_A4-2020_FIN21.pdf\" target=\"_blank\">            <span class=\"qodef-icon-font-awesome fa fa-search qodef-icon qodef-e\" style=\"color: #FFFFFF\" ><\/span>            <\/a>\t<\/span>\t<\/div>\n\t<div class=\"qodef-m-content\">\n\t\t\t<h4 class=\"qodef-m-title\" >\n\t\t\t\t\t<a itemprop=\"url\" href=\"https:\/\/epaper.hirsch-porozell.at\/wp-content\/uploads\/2020\/12\/TZeco400speed-Datenblatt_A4-2020_FIN21.pdf\" target=\"_blank\">\n\t\t\t\t\t<span class=\"qodef-m-title-text\">Daten<\/span>\n\t\t\t\t\t<\/a>\n\t\t\t<\/h4>\n\t\t\t<\/div>\n<\/div>\t\t<\/div>\n\t\t\t\t<\/div>\n\t\t\t\t\t\t<\/div>\n\t\t\t\t\t<\/div>\n\t\t<\/div>\n\t\t\t\t<div class=\"elementor-column elementor-col-20 elementor-top-column elementor-element elementor-element-82d8573 elementor-hidden-desktop elementor-hidden-tablet elementor-hidden-phone\" data-id=\"82d8573\" data-element_type=\"column\" data-settings=\"{&quot;background_background&quot;:&quot;classic&quot;}\">\n\t\t\t<div class=\"elementor-column-wrap elementor-element-populated\">\n\t\t\t\t\t\t\t<div class=\"elementor-widget-wrap\">\n\t\t\t\t\t\t<div class=\"elementor-element elementor-element-75e50ba elementor-widget elementor-widget-stal_core_icon_with_text\" data-id=\"75e50ba\" data-element_type=\"widget\" data-widget_type=\"stal_core_icon_with_text.default\">\n\t\t\t\t<div class=\"elementor-widget-container\">\n\t\t\t<div class=\"qodef-shortcode qodef-m  qodef-icon-with-text qodef-layout--top  qodef--icon-pack qodef-appear-animation--enabled qodef-alignment--center\" >\n\t<div class=\"qodef-m-icon-wrapper\">\n\t\t<span class=\"qodef-shortcode qodef-m  qodef-icon-holder qodef-size--small qodef-layout--normal\" data-hover-color=\"#C31824\" >\t\t\t<a itemprop=\"url\" href=\"https:\/\/epaper.hirsch-porozell.at\/wp-content\/uploads\/2020\/12\/TZeco-PreislisteOesterreich_A4-202015.pdf\" target=\"_blank\">            <span class=\"qodef-icon-font-awesome fa fa-euro-sign qodef-icon qodef-e\" style=\"color: #FFFFFF\" ><\/span>            <\/a>\t<\/span>\t<\/div>\n\t<div class=\"qodef-m-content\">\n\t\t\t<h4 class=\"qodef-m-title\" >\n\t\t\t\t\t<a itemprop=\"url\" href=\"https:\/\/epaper.hirsch-porozell.at\/wp-content\/uploads\/2020\/12\/TZeco-PreislisteOesterreich_A4-202015.pdf\" target=\"_blank\">\n\t\t\t\t\t<span class=\"qodef-m-title-text\">Preise<\/span>\n\t\t\t\t\t<\/a>\n\t\t\t<\/h4>\n\t\t\t<\/div>\n<\/div>\t\t<\/div>\n\t\t\t\t<\/div>\n\t\t\t\t\t\t<\/div>\n\t\t\t\t\t<\/div>\n\t\t<\/div>\n\t\t\t\t\t\t\t\t<\/div>\n\t\t\t\t\t<\/div>\n\t\t<\/section>\n\t\t\t\t<section class=\"elementor-section elementor-top-section elementor-element elementor-element-6b59c2c elementor-section-boxed elementor-section-height-default elementor-section-height-default qodef-elementor-content-no\" data-id=\"6b59c2c\" data-element_type=\"section\" data-settings=\"{&quot;background_background&quot;:&quot;classic&quot;}\">\n\t\t\t\t\t\t<div class=\"elementor-container elementor-column-gap-no\">\n\t\t\t\t\t\t\t<div class=\"elementor-row\">\n\t\t\t\t\t<div class=\"elementor-column elementor-col-100 elementor-top-column elementor-element elementor-element-8853873\" data-id=\"8853873\" data-element_type=\"column\">\n\t\t\t<div class=\"elementor-column-wrap elementor-element-populated\">\n\t\t\t\t\t\t\t<div class=\"elementor-widget-wrap\">\n\t\t\t\t\t\t<div class=\"elementor-element elementor-element-d557106 elementor-widget elementor-widget-heading\" data-id=\"d557106\" data-element_type=\"widget\" data-widget_type=\"heading.default\">\n\t\t\t\t<div class=\"elementor-widget-container\">\n\t\t\t<h2 class=\"elementor-heading-title elementor-size-default\">Individueller Gef\u00e4lleplan<\/h2>\t\t<\/div>\n\t\t\t\t<\/div>\n\t\t\t\t<div class=\"elementor-element elementor-element-a81e31e elementor-widget elementor-widget-text-editor\" data-id=\"a81e31e\" data-element_type=\"widget\" data-widget_type=\"text-editor.default\">\n\t\t\t\t<div class=\"elementor-widget-container\">\n\t\t\t\t\t\t\t\t<div class=\"elementor-text-editor elementor-clearfix\">\n\t\t\t\t<p class=\"p2\">Auf Basis Ihrer Pl\u00e4ne oder Skizzen erstellen wir Ihnen die optimale Verlegel\u00f6sung. So bekommen Sie von uns Ihren individuellen Gef\u00e4lleplan inklusive St\u00fcckliste.<\/p>\t\t\t\t\t<\/div>\n\t\t\t\t\t\t<\/div>\n\t\t\t\t<\/div>\n\t\t\t\t<section class=\"elementor-section elementor-inner-section elementor-element elementor-element-8057b33 elementor-section-full_width elementor-section-height-default elementor-section-height-default qodef-elementor-content-no\" data-id=\"8057b33\" data-element_type=\"section\">\n\t\t\t\t\t\t<div class=\"elementor-container elementor-column-gap-default\">\n\t\t\t\t\t\t\t<div class=\"elementor-row\">\n\t\t\t\t\t<div class=\"elementor-column elementor-col-33 elementor-inner-column elementor-element elementor-element-a9b2966\" data-id=\"a9b2966\" data-element_type=\"column\" data-settings=\"{&quot;background_background&quot;:&quot;classic&quot;}\">\n\t\t\t<div class=\"elementor-column-wrap elementor-element-populated\">\n\t\t\t\t\t\t\t<div class=\"elementor-widget-wrap\">\n\t\t\t\t\t\t<div class=\"elementor-element elementor-element-5ee128e elementor-widget elementor-widget-stal_core_icon_with_text\" data-id=\"5ee128e\" data-element_type=\"widget\" data-widget_type=\"stal_core_icon_with_text.default\">\n\t\t\t\t<div class=\"elementor-widget-container\">\n\t\t\t<div class=\"qodef-shortcode qodef-m  qodef-icon-with-text qodef-layout--top  qodef--icon-pack qodef-appear-animation--enabled qodef-alignment--center\" >\n\t<div class=\"qodef-m-icon-wrapper\">\n\t\t<span class=\"qodef-shortcode qodef-m  qodef-icon-holder qodef-size--small qodef-layout--normal\" data-hover-color=\"#C31824\" >\t\t\t<a itemprop=\"url\" href=\"https:\/\/epaper.hirsch-porozell.at\/index.php\/produkte\/produktubersicht-boden\/produktubersicht-thermozell\/thermozell-pro\/individueller-gefalleplan-technische-daten\/\" target=\"_self\">            <span class=\"qodef-icon-font-awesome fa fa-plus-circle qodef-icon qodef-e\" style=\"color: #FFFFFF\" ><\/span>            <\/a>\t<\/span>\t<\/div>\n\t<div class=\"qodef-m-content\">\n\t\t\t<h4 class=\"qodef-m-title\" >\n\t\t\t\t\t<a itemprop=\"url\" href=\"https:\/\/epaper.hirsch-porozell.at\/index.php\/produkte\/produktubersicht-boden\/produktubersicht-thermozell\/thermozell-pro\/individueller-gefalleplan-technische-daten\/\" target=\"_self\">\n\t\t\t\t\t<span class=\"qodef-m-title-text\">Details<\/span>\n\t\t\t\t\t<\/a>\n\t\t\t<\/h4>\n\t\t\t<\/div>\n<\/div>\t\t<\/div>\n\t\t\t\t<\/div>\n\t\t\t\t\t\t<\/div>\n\t\t\t\t\t<\/div>\n\t\t<\/div>\n\t\t\t\t<div class=\"elementor-column elementor-col-33 elementor-inner-column elementor-element elementor-element-d192544\" data-id=\"d192544\" data-element_type=\"column\" data-settings=\"{&quot;background_background&quot;:&quot;classic&quot;}\">\n\t\t\t<div class=\"elementor-column-wrap elementor-element-populated\">\n\t\t\t\t\t\t\t<div class=\"elementor-widget-wrap\">\n\t\t\t\t\t\t<div class=\"elementor-element elementor-element-9cfa322 elementor-widget elementor-widget-stal_core_icon_with_text\" data-id=\"9cfa322\" data-element_type=\"widget\" data-widget_type=\"stal_core_icon_with_text.default\">\n\t\t\t\t<div class=\"elementor-widget-container\">\n\t\t\t<div class=\"qodef-shortcode qodef-m  qodef-icon-with-text qodef-layout--top  qodef--icon-pack qodef-appear-animation--enabled qodef-alignment--center\" >\n\t<div class=\"qodef-m-icon-wrapper\">\n\t\t<span class=\"qodef-shortcode qodef-m  qodef-icon-holder qodef-size--small qodef-layout--normal\" data-hover-color=\"#C31824\" >\t\t\t<a itemprop=\"url\" href=\"https:\/\/epaper.hirsch-porozell.at\/index.php\/anwendungen\/\" target=\"_self\">            <span class=\"qodef-icon-font-awesome fa fa-user qodef-icon qodef-e\" style=\"color: #FFFFFF\" ><\/span>            <\/a>\t<\/span>\t<\/div>\n\t<div class=\"qodef-m-content\">\n\t\t\t<h4 class=\"qodef-m-title\" >\n\t\t\t\t\t<a itemprop=\"url\" href=\"https:\/\/epaper.hirsch-porozell.at\/index.php\/anwendungen\/\" target=\"_self\">\n\t\t\t\t\t<span class=\"qodef-m-title-text\">Anwendungen<\/span>\n\t\t\t\t\t<\/a>\n\t\t\t<\/h4>\n\t\t\t<\/div>\n<\/div>\t\t<\/div>\n\t\t\t\t<\/div>\n\t\t\t\t\t\t<\/div>\n\t\t\t\t\t<\/div>\n\t\t<\/div>\n\t\t\t\t<div class=\"elementor-column elementor-col-33 elementor-inner-column elementor-element elementor-element-199860a\" data-id=\"199860a\" data-element_type=\"column\" data-settings=\"{&quot;background_background&quot;:&quot;classic&quot;}\">\n\t\t\t<div class=\"elementor-column-wrap elementor-element-populated\">\n\t\t\t\t\t\t\t<div class=\"elementor-widget-wrap\">\n\t\t\t\t\t\t<div class=\"elementor-element elementor-element-0c3f3b1 elementor-widget elementor-widget-stal_core_icon_with_text\" data-id=\"0c3f3b1\" data-element_type=\"widget\" data-widget_type=\"stal_core_icon_with_text.default\">\n\t\t\t\t<div class=\"elementor-widget-container\">\n\t\t\t<div class=\"qodef-shortcode qodef-m  qodef-icon-with-text qodef-layout--top  qodef--icon-pack qodef-appear-animation--enabled qodef-alignment--center\" >\n\t<div class=\"qodef-m-icon-wrapper\">\n\t\t<span class=\"qodef-shortcode qodef-m  qodef-icon-holder qodef-size--small qodef-layout--normal\" data-hover-color=\"#C31824\" >\t\t\t<a itemprop=\"url\" href=\"https:\/\/epaper.hirsch-porozell.at\/wp-content\/uploads\/2023\/02\/Individueller-Gefa\u0308lleplan.pdf\" target=\"_blank\">            <span class=\"qodef-icon-font-awesome fa fa-download qodef-icon qodef-e\" style=\"color: #FFFFFF\" ><\/span>            <\/a>\t<\/span>\t<\/div>\n\t<div class=\"qodef-m-content\">\n\t\t\t<h4 class=\"qodef-m-title\" >\n\t\t\t\t\t<a itemprop=\"url\" href=\"https:\/\/epaper.hirsch-porozell.at\/wp-content\/uploads\/2023\/02\/Individueller-Gefa\u0308lleplan.pdf\" target=\"_blank\">\n\t\t\t\t\t<span class=\"qodef-m-title-text\">Download<\/span>\n\t\t\t\t\t<\/a>\n\t\t\t<\/h4>\n\t\t\t<\/div>\n<\/div>\t\t<\/div>\n\t\t\t\t<\/div>\n\t\t\t\t\t\t<\/div>\n\t\t\t\t\t<\/div>\n\t\t<\/div>\n\t\t\t\t\t\t\t\t<\/div>\n\t\t\t\t\t<\/div>\n\t\t<\/section>\n\t\t\t\t\t\t<\/div>\n\t\t\t\t\t<\/div>\n\t\t<\/div>\n\t\t\t\t\t\t\t\t<\/div>\n\t\t\t\t\t<\/div>\n\t\t<\/section>\n\t\t\t\t\t\t\t\t\t<\/div>\n\t\t\t<\/div>\n\t\t\t\t\t<\/div>\n\t\t","protected":false},"excerpt":{"rendered":"<p>Technische Daten Eigenschaften Anwendungen Daten Preise Individueller Gef\u00e4lleplan Auf Basis Ihrer Pl\u00e4ne oder Skizzen erstellen wir Ihnen die optimale Verlegel\u00f6sung. So bekommen Sie von uns Ihren individuellen Gef\u00e4lleplan inklusive St\u00fcckliste. Details Anwendungen Download<\/p>\n","protected":false},"author":1,"featured_media":0,"parent":6249,"menu_order":0,"comment_status":"closed","ping_status":"closed","template":"page-full-width.php","meta":[],"_links":{"self":[{"href":"https:\/\/epaper.hirsch-porozell.at\/index.php\/wp-json\/wp\/v2\/pages\/8705"}],"collection":[{"href":"https:\/\/epaper.hirsch-porozell.at\/index.php\/wp-json\/wp\/v2\/pages"}],"about":[{"href":"https:\/\/epaper.hirsch-porozell.at\/index.php\/wp-json\/wp\/v2\/types\/page"}],"author":[{"embeddable":true,"href":"https:\/\/epaper.hirsch-porozell.at\/index.php\/wp-json\/wp\/v2\/users\/1"}],"replies":[{"embeddable":true,"href":"https:\/\/epaper.hirsch-porozell.at\/index.php\/wp-json\/wp\/v2\/comments?post=8705"}],"version-history":[{"count":7,"href":"https:\/\/epaper.hirsch-porozell.at\/index.php\/wp-json\/wp\/v2\/pages\/8705\/revisions"}],"predecessor-version":[{"id":8720,"href":"https:\/\/epaper.hirsch-porozell.at\/index.php\/wp-json\/wp\/v2\/pages\/8705\/revisions\/8720"}],"up":[{"embeddable":true,"href":"https:\/\/epaper.hirsch-porozell.at\/index.php\/wp-json\/wp\/v2\/pages\/6249"}],"wp:attachment":[{"href":"https:\/\/epaper.hirsch-porozell.at\/index.php\/wp-json\/wp\/v2\/media?parent=8705"}],"curies":[{"name":"wp","href":"https:\/\/api.w.org\/{rel}","templated":true}]}}